{"id":1386,"date":"2025-03-20T13:48:07","date_gmt":"2025-03-20T12:48:07","guid":{"rendered":"https:\/\/lekmer.nu\/kajak-shop-testcenter\/"},"modified":"2025-05-16T17:48:07","modified_gmt":"2025-05-16T16:48:07","slug":"kajak-shop-testcenter","status":"publish","type":"page","link":"https:\/\/lekmer.nu\/de\/kajak-shop-testcenter\/","title":{"rendered":"Kajak Shop &amp; Testcenter"},"content":{"rendered":"\n<div class=\"wp-block-cover alignfull is-light\"><span aria-hidden=\"true\" class=\"wp-block-cover__background has-primary-background-color has-background-dim-30 has-background-dim\"><\/span><img loading=\"lazy\" decoding=\"async\" width=\"2208\" height=\"1180\" class=\"wp-block-cover__image-background wp-image-1264\" alt=\"\" src=\"https:\/\/lekmer.nu\/wp-content\/uploads\/2025\/03\/plankor.jpg\" data-object-fit=\"cover\" srcset=\"https:\/\/lekmer.nu\/wp-content\/uploads\/2025\/03\/plankor.jpg 2208w, https:\/\/lekmer.nu\/wp-content\/uploads\/2025\/03\/plankor-300x160.jpg 300w, https:\/\/lekmer.nu\/wp-content\/uploads\/2025\/03\/plankor-1024x547.jpg 1024w, https:\/\/lekmer.nu\/wp-content\/uploads\/2025\/03\/plankor-150x80.jpg 150w, https:\/\/lekmer.nu\/wp-content\/uploads\/2025\/03\/plankor-768x410.jpg 768w, https:\/\/lekmer.nu\/wp-content\/uploads\/2025\/03\/plankor-1536x821.jpg 1536w, https:\/\/lekmer.nu\/wp-content\/uploads\/2025\/03\/plankor-2048x1094.jpg 2048w\" sizes=\"auto, (max-width: 2208px) 100vw, 2208px\" \/><div class=\"wp-block-cover__inner-container has-global-padding is-layout-constrained wp-block-cover-is-layout-constrained\">\n<h1 class=\"wp-block-heading alignwide has-text-align-center has-background-color has-text-color has-link-color has-x-large-font-size wp-elements-2e4196b53d75cf763210f3ac66eb8ea7\" style=\"border-radius:0px\"><strong>Kajak kaufen | SUP kaufen<\/strong><br\/><br\/>Gebraucht in gutem Zustand<\/h1>\n<\/div><\/div>\n\n<p>Mit unserem Ziel, dir die bestm\u00f6gliche Erfahrung auf dem Wasser zu bieten, haben wir viel Wissen dar\u00fcber gesammelt, welches Kajak oder SUP f\u00fcr welche Person am besten geeignet ist. <\/p>\n\n<p>Wir haben auch einen Bestand an Kajaks &amp; SUP erworben, den wir st\u00e4ndig aktualisieren, um die neueste und beste Ausr\u00fcstung zu haben, wenn du bei uns mietest. Daher verkaufen wir auch st\u00e4ndig die Kajaks, die schon eine Weile bei uns sind und es daher verdienen, ein neues Zuhause zu bekommen, wo sie vielleicht nicht so sehr um Aufmerksamkeit k\u00e4mpfen m\u00fcssen, wie sie es bei uns brauchen. <\/p>\n\n<p>Nachfolgend finden Sie aktuelle Angebote f\u00fcr Kajaks, SUP und andere Ausr\u00fcstung, bei denen wir dir helfen k\u00f6nnen. Entweder, indem du bei uns kaufst, oder indem wir dir helfen und dich richtig beraten. <\/p>\n\n<div class=\"wp-block-buttons is-content-justification-center is-layout-flex wp-container-core-buttons-is-layout-a89b3969 wp-block-buttons-is-layout-flex\">\n<div class=\"wp-block-button\"><a class=\"wp-block-button__link wp-element-button\" href=\"#sup\">SUP KAUFEN<\/a><\/div>\n\n\n\n<div class=\"wp-block-button\"><a class=\"wp-block-button__link wp-element-button\" href=\"#kajak\">Kajak kaufen<\/a><\/div>\n\n\n\n<div class=\"wp-block-button\"><a class=\"wp-block-button__link wp-element-button\" style=\"padding-right:var(--wp--preset--spacing--20);padding-left:var(--wp--preset--spacing--20)\">Ausr\u00fcstung kaufen<\/a><\/div>\n<\/div>\n\n<div class=\"wp-block-group alignfull has-primary-background-color has-background has-global-padding is-layout-constrained wp-block-group-is-layout-constrained\">\n<h2 class=\"wp-block-heading alignwide has-background-color has-text-color has-link-color wp-elements-4e117cce5272b1cce15b7f53ada4039f\" id=\"sup\">SUP KAUFEN<\/h2>\n\n\n\n<div class=\"wp-block-columns alignwide has-background-background-color has-background is-layout-flex wp-container-core-columns-is-layout-51da0218 wp-block-columns-is-layout-flex\" style=\"margin-right:0;margin-left:0;padding-right:var(--wp--preset--spacing--20);padding-left:var(--wp--preset--spacing--20);box-shadow:var(--wp--preset--shadow--natural)\">\n<div class=\"wp-block-column is-layout-flow wp-block-column-is-layout-flow\" style=\"flex-basis:50%\">\n<h3 class=\"wp-block-heading has-large-font-size\">SUP-Paket<br\/> 2<mark style=\"background-color:rgba(0, 0, 0, 0);color:#fb1818\" class=\"has-inline-color\">490 KR<\/mark><br\/> 6<s>490 kr<\/s><\/h3>\n\n\n\n<p>Wir verkaufen alle unsere aufblasbaren SUP-Pakete, die wir im Verleih verwendet haben. Die meisten wurden nur gelegentlich benutzt, da wir haupts\u00e4chlich harte Boards verwenden und diese als Extras f\u00fcr gr\u00f6\u00dfere Buchungen verf\u00fcgbar waren. <\/p>\n\n\n\n<p>Modell: SUP Air Balance 11&#8217;0<br\/>Inklusive Paddel, Tasche und Pumpe.<\/p>\n\n\n\n<p><strong>Mehr kaufen, mehr sparen!<\/strong><br\/>Kaufe 2 f\u00fcr 3 990<br\/>Kaufe 3 f\u00fcr 4 990<\/p>\n\n\n\n<div class=\"wp-block-buttons is-layout-flex wp-block-buttons-is-layout-flex\">\n<div class=\"wp-block-button\"><a class=\"wp-block-button__link wp-element-button\" href=\"mailto:info@lekmer.nu\">Jetzt kaufen<\/a><\/div>\n<\/div>\n<\/div>\n\n\n\n<div class=\"wp-block-column is-layout-flow wp-block-column-is-layout-flow\" style=\"flex-basis:50%\">\n<figure class=\"wp-block-image\"><img loading=\"lazy\" decoding=\"async\" width=\"560\" height=\"600\" src=\"https:\/\/lekmer.nu\/wp-content\/uploads\/2025\/03\/SUP-Air-Balance-110-Komplett-Paket.png\" alt=\"SUP AIR BALANCE PAKET\" class=\"wp-image-1266\" srcset=\"https:\/\/lekmer.nu\/wp-content\/uploads\/2025\/03\/SUP-Air-Balance-110-Komplett-Paket.png 560w, https:\/\/lekmer.nu\/wp-content\/uploads\/2025\/03\/SUP-Air-Balance-110-Komplett-Paket-280x300.png 280w, https:\/\/lekmer.nu\/wp-content\/uploads\/2025\/03\/SUP-Air-Balance-110-Komplett-Paket-140x150.png 140w\" sizes=\"auto, (max-width: 560px) 100vw, 560px\" \/><\/figure>\n<\/div>\n<\/div>\n<\/div>\n\n<h2 class=\"wp-block-heading alignwide\" id=\"kajak\">Kajak kaufen &#8211; aus zweiter Hand<\/h2>\n\n<div class=\"wp-block-columns alignwide has-background-color has-primary-background-color has-text-color has-background has-link-color wp-elements-204f5733087a12c68af8e72bdb529b4c is-layout-flex wp-container-core-columns-is-layout-51da0218 wp-block-columns-is-layout-flex\" style=\"margin-right:0;margin-left:0;padding-right:var(--wp--preset--spacing--20);padding-left:var(--wp--preset--spacing--20);box-shadow:var(--wp--preset--shadow--natural)\">\n<div class=\"wp-block-column is-layout-flow wp-block-column-is-layout-flow\" style=\"flex-basis:50%\">\n<h3 class=\"wp-block-heading has-background-color has-text-color has-link-color has-large-font-size wp-elements-55c0913c37204254ceeecbc530511423\">Tahe Jamaika<br\/> 3<mark style=\"background-color:rgba(0, 0, 0, 0);color:#ff0000\" class=\"has-inline-color\">490 KR<\/mark><br\/> 8<s>490 kr<\/s><\/h3>\n\n\n\n<p>Wir haben noch drei Tahe Jamaica \u00fcbrig, die ein neues Zuhause suchen. Ein sch\u00f6ner Kanu\/Kajak-Hybrid, der sehr stabil ist und Platz f\u00fcr 2 Erwachsene plus ein Kind bietet. Das perfekte Kajak f\u00fcr kurze, gem\u00fctliche Ausfl\u00fcge auf dem Wasser am Ufer.  <\/p>\n\n\n\n<p><\/p>\n\n\n\n<div class=\"wp-block-buttons is-layout-flex wp-block-buttons-is-layout-flex\">\n<div class=\"wp-block-button\"><a class=\"wp-block-button__link wp-element-button\" href=\"mailto:info@lekmer.nu\">Jetzt kaufen<\/a><\/div>\n<\/div>\n<\/div>\n\n\n\n<div class=\"wp-block-column is-layout-flow wp-block-column-is-layout-flow\" style=\"flex-basis:50%\">\n<figure class=\"wp-block-image size-full\"><img loading=\"lazy\" decoding=\"async\" width=\"800\" height=\"800\" src=\"https:\/\/lekmer.nu\/wp-content\/uploads\/2025\/03\/jamaica-black-f.jpg\" alt=\"\" class=\"wp-image-1268\" srcset=\"https:\/\/lekmer.nu\/wp-content\/uploads\/2025\/03\/jamaica-black-f.jpg 800w, https:\/\/lekmer.nu\/wp-content\/uploads\/2025\/03\/jamaica-black-f-300x300.jpg 300w, https:\/\/lekmer.nu\/wp-content\/uploads\/2025\/03\/jamaica-black-f-150x150.jpg 150w, https:\/\/lekmer.nu\/wp-content\/uploads\/2025\/03\/jamaica-black-f-768x768.jpg 768w\" sizes=\"auto, (max-width: 800px) 100vw, 800px\" \/><\/figure>\n<\/div>\n<\/div>\n\n<p><\/p>\n","protected":false},"excerpt":{"rendered":"<p>Mit unserem Ziel, dir die bestm\u00f6gliche Erfahrung auf dem Wasser zu bieten, haben wir viel Wissen dar\u00fcber gesammelt, welches Kajak oder SUP f\u00fcr welche Person am besten geeignet ist. Wir haben auch einen Bestand an Kajaks &amp; SUP erworben, den wir st\u00e4ndig aktualisieren, um die neueste und beste Ausr\u00fcstung zu haben, wenn du bei uns [&hellip;]<\/p>\n","protected":false},"author":1,"featured_media":0,"parent":0,"menu_order":0,"comment_status":"closed","ping_status":"closed","template":"","meta":{"footnotes":""},"class_list":["post-1386","page","type-page","status-publish","hentry"],"_links":{"self":[{"href":"https:\/\/lekmer.nu\/de\/wp-json\/wp\/v2\/pages\/1386","targetHints":{"allow":["GET"]}}],"collection":[{"href":"https:\/\/lekmer.nu\/de\/wp-json\/wp\/v2\/pages"}],"about":[{"href":"https:\/\/lekmer.nu\/de\/wp-json\/wp\/v2\/types\/page"}],"author":[{"embeddable":true,"href":"https:\/\/lekmer.nu\/de\/wp-json\/wp\/v2\/users\/1"}],"replies":[{"embeddable":true,"href":"https:\/\/lekmer.nu\/de\/wp-json\/wp\/v2\/comments?post=1386"}],"version-history":[{"count":4,"href":"https:\/\/lekmer.nu\/de\/wp-json\/wp\/v2\/pages\/1386\/revisions"}],"predecessor-version":[{"id":1491,"href":"https:\/\/lekmer.nu\/de\/wp-json\/wp\/v2\/pages\/1386\/revisions\/1491"}],"wp:attachment":[{"href":"https:\/\/lekmer.nu\/de\/wp-json\/wp\/v2\/media?parent=1386"}],"curies":[{"name":"wp","href":"https:\/\/api.w.org\/{rel}","templated":true}]}}