{"id":2006,"date":"2025-09-11T15:12:10","date_gmt":"2025-09-11T14:12:10","guid":{"rendered":"https:\/\/lekmer.nu\/kajak-oder-sup-mit-der-schule-paddeln\/"},"modified":"2026-02-24T21:44:44","modified_gmt":"2026-02-24T20:44:44","slug":"kajak-oder-sup-mit-der-schule-paddeln","status":"publish","type":"page","link":"https:\/\/lekmer.nu\/de\/kajak-oder-sup-mit-der-schule-paddeln\/","title":{"rendered":"KAJAK oder SUP mit der Schule PADDELN"},"content":{"rendered":"\n<div class=\"wp-block-cover alignfull\"><img loading=\"lazy\" decoding=\"async\" width=\"680\" height=\"510\" class=\"wp-block-cover__image-background wp-image-171 size-full\" alt=\"Flera personer vid r\u00e5lis kajak som hyr kajak\" src=\"https:\/\/lekmer.nu\/wp-content\/uploads\/2024\/10\/2023-05-14.jpg\" data-object-fit=\"cover\" srcset=\"https:\/\/lekmer.nu\/wp-content\/uploads\/2024\/10\/2023-05-14.jpg 680w, https:\/\/lekmer.nu\/wp-content\/uploads\/2024\/10\/2023-05-14-300x225.jpg 300w\" sizes=\"auto, (max-width: 680px) 100vw, 680px\" \/><span aria-hidden=\"true\" class=\"wp-block-cover__background has-contrast-background-color has-background-dim-40 has-background-dim\"><\/span><div class=\"wp-block-cover__inner-container has-global-padding is-layout-constrained wp-block-cover-is-layout-constrained\">\n<h1 class=\"wp-block-heading has-text-align-left has-base-color has-text-color has-link-color has-xx-large-font-size wp-elements-f795f203b2f16be6f6a35e4b24684b67\">Mit der Schulklasse KAJAK PADDELN<\/h1>\n<\/div><\/div>\n\n<h2 class=\"wp-block-heading has-medium-font-size\">Wir helfen euch bei eurer Outdoor-Aktivit\u00e4t im Semester<\/h2>\n\n<p>Wir bieten besonders gute Preise f\u00fcrs Paddeln f\u00fcr Schulen und Vereine und k\u00f6nnen ganze Schulklassen an unseren sch\u00f6nen Stegen in Pampas oder Smedsudden empfangen. Pro Gruppe kann ein ausgebildeter Guide mitkommen, der f\u00fcr die Sicherheit verantwortlich ist, falls dieses Wissen bei eurer Lehrkraft nicht vorhanden ist. Wir haben au\u00dferdem Kompetenz im Outdoor-Bereich und k\u00f6nnen zus\u00e4tzlich zum Paddeln auch die M\u00f6glichkeit anbieten, drau\u00dfen auf einem Campingkocher oder einer Muurikka in der N\u00e4he unserer Anlagen zu kochen.  <\/p>\n\n<h2 class=\"wp-block-heading\">Unsere Angebote<\/h2>\n\n<div class=\"wp-block-group has-global-padding is-layout-constrained wp-block-group-is-layout-constrained\">\n<h3 class=\"wp-block-heading has-medium-font-size\"><strong>Paket 1:<\/strong><\/h3>\n\n\n\n<p>Paddeln mit Guide f\u00fcr 10\u201330 Sch\u00fcler und 1\u20132 Lehrkr\u00e4fte.<br\/>Dauer: insgesamt 2 Stunden, davon ca. 1,5 Stunden auf dem Wasser. <\/p>\n\n\n\n<p><strong>\u2013 An Land:<\/strong><br\/>Die Sch\u00fcler kommen umgezogen zu uns nach Pampas oder Eden. Sammeln und Einf\u00fchrung in die Aktivit\u00e4t. Sicherheitsbriefing und Anlegen der Schwimmwesten. Einf\u00fchrung in die Kajaks, das Paddel, einfache Technik und Einsetzen ins Wasser.    <\/p>\n\n\n\n<p><strong>\u2013 In den Kajaks:<\/strong><br\/>\u00dcbung, sich auf dem Wasser zu sammeln, und einfache Man\u00f6ver. Die ausgew\u00e4hlte Paddeltour des Tages. <\/p>\n\n\n\n<p><strong>\u2013 Zur\u00fcck an Land:<\/strong><br\/>Aufr\u00e4umen der Ausr\u00fcstung des Tages. Sammeln und Abschluss.  <br\/><\/p>\n<\/div>\n\n<div class=\"wp-block-group has-global-padding is-layout-constrained wp-block-group-is-layout-constrained\">\n<h3 class=\"wp-block-heading has-medium-font-size\"><strong>Paket 2:<\/strong><\/h3>\n\n\n\n<p>Paddeln mit Guide f\u00fcr 10\u201330 Sch\u00fcler und 1\u20132 Lehrkr\u00e4fte.<br\/>Dauer: insgesamt 4 Stunden, davon ca. 2 Stunden auf dem Wasser. <\/p>\n\n\n\n<p><strong>\u2013 An Land:<\/strong><br\/>Die Sch\u00fcler kommen umgezogen zu uns nach Pampas oder Eden. Sammeln und Einf\u00fchrung in die Aktivit\u00e4t. Sicherheitsbriefing und Anlegen der Schwimmwesten. Einf\u00fchrung in die Kajaks, das Paddel, einfache Technik und Einsetzen ins Wasser.    <\/p>\n\n\n\n<p><strong>\u2013 In den Kajaks:<\/strong><br\/>\u00dcbung, sich auf dem Wasser zu sammeln, und einfache Man\u00f6ver. Die ausgew\u00e4hlte Paddeltour des Tages. <\/p>\n\n\n\n<p><strong>\u2013 Zur\u00fcck an Land:<\/strong><br\/>Aufr\u00e4umen der Ausr\u00fcstung des Tages. Sammeln, Einf\u00fchrung ins Outdoor-Kochen und Herausholen eures mitgebrachten Essens. Kochen in Gruppen mit Unterst\u00fctzung unseres Personals. Essenspause, Sammeln und Abschluss.    <br\/><\/p>\n\n\n\n<h2 class=\"wp-block-heading\">Buchungsanfrage<\/h2>\n\n\n\n<div class=\"wp-block-contact-form-7-contact-form-selector\">\n<div class=\"wpcf7 no-js\" id=\"wpcf7-f2190-o1\" lang=\"de-DE\" dir=\"ltr\" data-wpcf7-id=\"2190\">\n<div class=\"screen-reader-response\"><p role=\"status\" aria-live=\"polite\" aria-atomic=\"true\"><\/p> <ul><\/ul><\/div>\n<form action=\"\/de\/wp-json\/wp\/v2\/pages\/2006#wpcf7-f2190-o1\" method=\"post\" class=\"wpcf7-form init\" aria-label=\"Kontaktformular\" novalidate=\"novalidate\" data-status=\"init\">\n<fieldset class=\"hidden-fields-container\"><input type=\"hidden\" name=\"_wpcf7\" value=\"2190\" \/><input type=\"hidden\" name=\"_wpcf7_version\" value=\"6.1.5\" \/><input type=\"hidden\" name=\"_wpcf7_locale\" value=\"de_DE\" \/><input type=\"hidden\" name=\"_wpcf7_unit_tag\" value=\"wpcf7-f2190-o1\" \/><input type=\"hidden\" name=\"_wpcf7_container_post\" value=\"0\" \/><input type=\"hidden\" name=\"_wpcf7_posted_data_hash\" value=\"\" \/>\n<\/fieldset>\n<div class=\"wpcf7-turnstile cf-turnstile\" data-sitekey=\"0x4AAAAAABjkIUq56kbY3GGj\" data-response-field-name=\"_wpcf7_turnstile_response\"><\/div>\n\n<p><label> Ihr Name<br \/>\n<span class=\"wpcf7-form-control-wrap\" data-name=\"your-name\"><input size=\"40\" maxlength=\"400\" class=\"wpcf7-form-control wpcf7-text wpcf7-validates-as-required\" autocomplete=\"name\" aria-required=\"true\" aria-invalid=\"false\" value=\"\" type=\"text\" name=\"your-name\" \/><\/span> <\/label>\n<\/p>\n<p><label> Ihre E-Mail<br \/>\n<span class=\"wpcf7-form-control-wrap\" data-name=\"your-email\"><input size=\"40\" maxlength=\"400\" class=\"wpcf7-form-control wpcf7-email wpcf7-validates-as-required wpcf7-text wpcf7-validates-as-email\" autocomplete=\"email\" aria-required=\"true\" aria-invalid=\"false\" value=\"\" type=\"email\" name=\"your-email\" \/><\/span> <\/label>\n<\/p>\n<p><label> Deine Telefonnummer<br \/>\n<span class=\"wpcf7-form-control-wrap\" data-name=\"tel-997\"><input size=\"40\" maxlength=\"12\" minlength=\"10\" class=\"wpcf7-form-control wpcf7-tel wpcf7-text wpcf7-validates-as-tel\" aria-invalid=\"false\" value=\"\" type=\"tel\" name=\"tel-997\" \/><\/span><\/label>\n<\/p>\n<p><label> Wann m\u00f6chtet ihr paddeln?<br \/>\n<span class=\"wpcf7-form-control-wrap\" data-name=\"date-foretagspaddling\"><input class=\"wpcf7-form-control wpcf7-date wpcf7-validates-as-date\" aria-invalid=\"false\" value=\"\" type=\"date\" name=\"date-foretagspaddling\" \/><\/span><\/label>\n<\/p>\n<p><label> Anzahl der Teilnehmenden? (ungef\u00e4hre Anzahl)<br \/>\n<span class=\"wpcf7-form-control-wrap\" data-name=\"number-foretag\"><input class=\"wpcf7-form-control wpcf7-number wpcf7-validates-as-number\" aria-invalid=\"false\" value=\"\" type=\"number\" name=\"number-foretag\" \/><\/span><\/label>\n<\/p>\n<p><label> F\u00fcr welches Paket interessiert ihr euch?<\/label><br \/>\n<span class=\"wpcf7-form-control-wrap\" data-name=\"checkbox-626\"><span class=\"wpcf7-form-control wpcf7-checkbox\"><span class=\"wpcf7-list-item first\"><label><input type=\"checkbox\" name=\"checkbox-626[]\" value=\"Paket 1\" \/><span class=\"wpcf7-list-item-label\">Paket 1<\/span><\/label><\/span><span class=\"wpcf7-list-item last\"><label><input type=\"checkbox\" name=\"checkbox-626[]\" value=\"Paket 2\" \/><span class=\"wpcf7-list-item-label\">Paket 2<\/span><\/label><\/span><\/span><\/span>\n<\/p>\n<p><label> Wo m\u00f6chtet ihr am liebsten starten?<\/label><br \/>\n<span class=\"wpcf7-form-control-wrap\" data-name=\"checkbox-foretag\"><span class=\"wpcf7-form-control wpcf7-checkbox\"><span class=\"wpcf7-list-item first\"><label><input type=\"checkbox\" name=\"checkbox-foretag[]\" value=\"Pampas Kajak &amp; SUP\" \/><span class=\"wpcf7-list-item-label\">Pampas Kajak &amp; SUP<\/span><\/label><\/span><span class=\"wpcf7-list-item\"><label><input type=\"checkbox\" name=\"checkbox-foretag[]\" value=\"Eden Kajak &amp; SUP\" \/><span class=\"wpcf7-list-item-label\">Eden Kajak &amp; SUP<\/span><\/label><\/span><span class=\"wpcf7-list-item last\"><label><input type=\"checkbox\" name=\"checkbox-foretag[]\" value=\"Anderer Ort\" \/><span class=\"wpcf7-list-item-label\">Anderer Ort<\/span><\/label><\/span><\/span><\/span>\n<\/p>\n<p><label> Sonstiges? (Andere W\u00fcnsche oder Fragen? Noch etwas hinzuzuf\u00fcgen?)<br \/>\n<span class=\"wpcf7-form-control-wrap\" data-name=\"your-message\"><textarea cols=\"40\" rows=\"10\" maxlength=\"2000\" class=\"wpcf7-form-control wpcf7-textarea\" aria-invalid=\"false\" name=\"your-message\"><\/textarea><\/span> <\/label>\n<\/p>\n<p><input class=\"wpcf7-form-control wpcf7-submit has-spinner\" type=\"submit\" value=\"Senden\" \/>\n<\/p><div class=\"wpcf7-response-output\" aria-hidden=\"true\"><\/div>\n<\/form>\n<\/div>\n<\/div>\n<\/div>\n\n<div class=\"wp-block-cover alignfull is-light has-background-color has-text-color has-link-color wp-elements-ff179502d8bdb3cc9886e4f3ea5c997d\" style=\"margin-top:var(--wp--preset--spacing--20);margin-bottom:0\"><span aria-hidden=\"true\" class=\"wp-block-cover__background has-background-dim\" style=\"background-color:#828687\"><\/span><img loading=\"lazy\" decoding=\"async\" width=\"1440\" height=\"810\" class=\"wp-block-cover__image-background wp-image-746\" alt=\"2 glada personer i stockholms sk\u00e4rg\u00e5rd\" src=\"https:\/\/lekmer.nu\/wp-content\/uploads\/2024\/10\/Arholma-Landsort_1.150.1.jpg\" data-object-fit=\"cover\" srcset=\"https:\/\/lekmer.nu\/wp-content\/uploads\/2024\/10\/Arholma-Landsort_1.150.1.jpg 1440w, https:\/\/lekmer.nu\/wp-content\/uploads\/2024\/10\/Arholma-Landsort_1.150.1-300x169.jpg 300w, https:\/\/lekmer.nu\/wp-content\/uploads\/2024\/10\/Arholma-Landsort_1.150.1-1024x576.jpg 1024w, https:\/\/lekmer.nu\/wp-content\/uploads\/2024\/10\/Arholma-Landsort_1.150.1-150x84.jpg 150w, https:\/\/lekmer.nu\/wp-content\/uploads\/2024\/10\/Arholma-Landsort_1.150.1-768x432.jpg 768w\" sizes=\"auto, (max-width: 1440px) 100vw, 1440px\" \/><div class=\"wp-block-cover__inner-container has-global-padding is-layout-constrained wp-block-cover-is-layout-constrained\">\n<p class=\"has-text-align-left has-background-color has-text-color has-link-color has-large-font-size wp-elements-82eb713f0cd7b11955eed86ca8ecba8a\">Abonniere unseren Newsletter<\/p>\n\n\n\n\t\t\t<form id=\"sib_signup_form_2\" method=\"post\" class=\"sib_signup_form\">\n\t\t\t\t<div class=\"sib_loader\" style=\"display:none;\"><img\n\t\t\t\t\t\t\tsrc=\"https:\/\/lekmer.nu\/wp-includes\/images\/spinner.gif\" alt=\"loader\"><\/div>\n\t\t\t\t<input type=\"hidden\" name=\"sib_form_action\" value=\"subscribe_form_submit\">\n\t\t\t\t<input type=\"hidden\" name=\"sib_form_id\" value=\"2\">\n                <input type=\"hidden\" name=\"sib_form_alert_notice\" value=\"Please fill out this field\">\n                <input type=\"hidden\" name=\"sib_form_invalid_email_notice\" value=\"Your email address is invalid\">\n                <input type=\"hidden\" name=\"sib_security\" value=\"4e51513f0b\">\n\t\t\t\t<div class=\"sib_signup_box_inside_2\">\n\t\t\t\t\t<div style=\"\/*display:none*\/\" class=\"sib_msg_disp\">\n\t\t\t\t\t<\/div>\n                    \t\t\t\t\t<p class=\"sib-email-area\">\r\n    Epost*\r\n    <input type=\"email\" class=\"sib-email-area\" name=\"email\" required=\"required\">\r\n<\/p>\r\n<p>\r\n    <input type=\"submit\" class=\"sib-default-btn\" value=\"Subscribe\">\r\n<\/p>\r\n\t\t\t\t<\/div>\n\t\t\t<\/form>\n\t\t\t<style>\n\t\t\t\tform#sib_signup_form_2 p.sib-alert-message {\n    padding: 6px 12px;\n    margin-bottom: 20px;\n    border: 1px solid transparent;\n    border-radius: 4px;\n    -webkit-box-sizing: border-box;\n    -moz-box-sizing: border-box;\n    box-sizing: border-box;\n}\nform#sib_signup_form_2 p.sib-alert-message-error {\n    background-color: #f2dede;\n    border-color: #ebccd1;\n    color: #a94442;\n}\nform#sib_signup_form_2 p.sib-alert-message-success {\n    background-color: #dff0d8;\n    border-color: #d6e9c6;\n    color: #3c763d;\n}\nform#sib_signup_form_2 p.sib-alert-message-warning {\n    background-color: #fcf8e3;\n    border-color: #faebcc;\n    color: #8a6d3b;\n}\n\t\t\t<\/style>\n\t\t\t\n<\/div><\/div>\n\n<div class=\"wp-block-group alignfull has-background-background-color has-background has-global-padding is-layout-constrained wp-container-core-group-is-layout-fb85e995 wp-block-group-is-layout-constrained\" id=\"funktioner\" style=\"margin-top:0;margin-bottom:0;padding-top:var(--wp--preset--spacing--60);padding-right:var(--wp--preset--spacing--30);padding-bottom:var(--wp--preset--spacing--60);padding-left:var(--wp--preset--spacing--30)\">\n<div class=\"wp-block-group alignwide is-layout-flow wp-block-group-is-layout-flow\">\n<h2 class=\"wp-block-heading has-large-font-size\">Lek Mer \u2013 dein Partner rund ums Paddeln!<\/h2>\n\n\n\n<p style=\"margin-top:16px\">Unsere Mission ist es, Paddeln f\u00fcr alle zug\u00e4nglich und gleichzeitig richtig spa\u00dfig zu machen \u2013 mit Fokus auf Sicherheit, erstklassigen Service und kompetentes Personal. Mit unseren zentralen Standorten in Stockholm und einem breiten Angebot, von Verleih bis zu Kursen, sind wir die naheliegende Wahl f\u00fcrs Paddeln in Stockholm. Egal, ob du Anf\u00e4nger oder erfahrener Paddler bist: Wir sind da, um deine Paddeltr\u00e4ume wahr zu machen.  <\/p>\n<\/div>\n\n\n\n<div class=\"wp-block-columns alignwide is-layout-flex wp-container-core-columns-is-layout-08c01c1c wp-block-columns-is-layout-flex\">\n<div class=\"wp-block-column is-layout-flow wp-block-column-is-layout-flow\" style=\"padding-top:var(--wp--preset--spacing--30);padding-bottom:var(--wp--preset--spacing--30);flex-basis:50%\">\n<div class=\"wp-block-group is-nowrap is-layout-flex wp-container-core-group-is-layout-501511a6 wp-block-group-is-layout-flex\">\n<figure class=\"wp-block-image size-large is-resized ext-aspect-landscape wp-duotone-varpresetduotoneprimary-foreground-1\"><img decoding=\"async\" src=\"data:image\/svg+xml;base64,PHN2ZyB4bWxucz0iaHR0cDovL3d3dy53My5vcmcvMjAwMC9zdmciIHdpZHRoPSI0OCIgaGVpZ2h0PSI0OCIgZmlsbD0ibm9uZSIgdmlld0JveD0iMCAwIDQ4IDQ4Ij48bWFzayBpZD0iYSIgd2lkdGg9IjQ4IiBoZWlnaHQ9IjQ4IiB4PSIwIiB5PSIwIiBtYXNrVW5pdHM9InVzZXJTcGFjZU9uVXNlIiBzdHlsZT0ibWFzay10eXBlOmFscGhhIj48cGF0aCBmaWxsPSIjRDlEOUQ5IiBkPSJNMCAwaDQ4djQ4SDB6Ii8+PC9tYXNrPjxnIG1hc2s9InVybCgjYSkiPjxwYXRoIGZpbGw9IiMxQzFCMUYiIGQ9Ik0yNCA0NGMtMi44MzMgMC01LjQ2Ny0uNTA4LTcuOS0xLjUyNS0yLjQzMy0xLjAxNy00LjU1LTIuNDI1LTYuMzUtNC4yMjUtMS44LTEuOC0zLjIwOC0zLjkxNy00LjIyNS02LjM1QzQuNTA4IDI5LjQ2NyA0IDI2LjgzMyA0IDI0YzAtMi44LjUwOC01LjQxNyAxLjUyNS03Ljg1UzcuOTUgMTEuNiA5Ljc1IDkuOGMxLjgtMS44IDMuOTE3LTMuMjE3IDYuMzUtNC4yNVMyMS4xNjcgNCAyNCA0YzIuNSAwIDQuODMzLjQgNyAxLjIgMi4xNjcuOCA0LjExNyAxLjkgNS44NSAzLjNsLTIuMTUgMi4xNWExNi43MzIgMTYuNzMyIDAgMCAwLTQuOS0yLjdDMjggNy4zMTcgMjYuMDY3IDcgMjQgN2MtNC44MzMgMC04Ljg3NSAxLjYyNS0xMi4xMjUgNC44NzVTNyAxOS4xNjcgNyAyNHMxLjYyNSA4Ljg3NSA0Ljg3NSAxMi4xMjVTMTkuMTY3IDQxIDI0IDQxczguODc1LTEuNjI1IDEyLjEyNS00Ljg3NVM0MSAyOC44MzMgNDEgMjRjMC0xLS4wNzUtMS45NzUtLjIyNS0yLjkyNS0uMTUtLjk1LS4zNzUtMS44NzUtLjY3NS0yLjc3NWwyLjMtMi4zYTE5LjEyMiAxOS4xMjIgMCAwIDEgMS4yIDMuODVjLjI2NyAxLjMzMy40IDIuNzE3LjQgNC4xNSAwIDIuODMzLS41MTcgNS40NjctMS41NSA3LjktMS4wMzMgMi40MzMtMi40NSA0LjU1LTQuMjUgNi4zNS0xLjggMS44LTMuOTE3IDMuMjA4LTYuMzUgNC4yMjVDMjkuNDE3IDQzLjQ5MiAyNi44IDQ0IDI0IDQ0Wm0tMi45NS0xMC45LTguMjUtOC4zIDIuMjUtMi4yNSA2IDYgMjAuNy0yMC43IDIuMyAyLjI1LTIzIDIzWiIvPjwvZz48L3N2Zz4=\" alt=\"\" style=\"object-fit:cover;width:32px;height:32px\"\/><\/figure>\n\n\n\n<div class=\"wp-block-group wp-container-content-958eb9dc has-global-padding is-layout-constrained wp-block-group-is-layout-constrained\">\n<h3 class=\"wp-block-heading\" style=\"font-size:clamp(14px, 0.875rem + ((1vw - 3.2px) * 0.588), 20px);line-height:1.5\">Kajak- und SUP-Verleih<\/h3>\n\n\n\n<p class=\"has-small-font-size\" style=\"margin-top:4px\">Wir haben Ausr\u00fcstung, die f\u00fcr alle passt \u2013 egal, ob du Anf\u00e4nger oder Profi bist. Unsere Standorte im Zentrum von Stockholm sind der perfekte Ausgangspunkt, um das Venedig des Nordens vom Wasser aus zu erleben. <\/p>\n\n\n\n<div class=\"wp-block-group is-nowrap is-layout-flex wp-container-core-group-is-layout-6c531013 wp-block-group-is-layout-flex\">\n<p><a href=\"https:\/\/lekmer.nu\/de\/kajakverleih-stockholm\/\" data-type=\"page\" data-id=\"24\">Kajak mieten<\/a><\/p>\n\n\n\n<p><a href=\"https:\/\/lekmer.nu\/de\/sup-stockholm-mieten\/\" data-type=\"page\" data-id=\"210\">SUP mieten<\/a><\/p>\n<\/div>\n<\/div>\n<\/div>\n\n\n\n<div class=\"wp-block-group is-nowrap is-layout-flex wp-container-core-group-is-layout-501511a6 wp-block-group-is-layout-flex\">\n<figure class=\"wp-block-image size-large is-resized ext-aspect-landscape wp-duotone-varpresetduotoneprimary-foreground-2\"><img decoding=\"async\" src=\"data:image\/svg+xml;base64,PHN2ZyB4bWxucz0iaHR0cDovL3d3dy53My5vcmcvMjAwMC9zdmciIHdpZHRoPSI0OCIgaGVpZ2h0PSI0OCIgZmlsbD0ibm9uZSIgdmlld0JveD0iMCAwIDQ4IDQ4Ij48bWFzayBpZD0iYSIgd2lkdGg9IjQ4IiBoZWlnaHQ9IjQ4IiB4PSIwIiB5PSIwIiBtYXNrVW5pdHM9InVzZXJTcGFjZU9uVXNlIiBzdHlsZT0ibWFzay10eXBlOmFscGhhIj48cGF0aCBmaWxsPSIjRDlEOUQ5IiBkPSJNMCAwaDQ4djQ4SDB6Ii8+PC9tYXNrPjxnIG1hc2s9InVybCgjYSkiPjxwYXRoIGZpbGw9IiMxQzFCMUYiIGQ9Ik0yNCA0NGMtMi44MzMgMC01LjQ2Ny0uNTA4LTcuOS0xLjUyNS0yLjQzMy0xLjAxNy00LjU1LTIuNDI1LTYuMzUtNC4yMjUtMS44LTEuOC0zLjIwOC0zLjkxNy00LjIyNS02LjM1QzQuNTA4IDI5LjQ2NyA0IDI2LjgzMyA0IDI0YzAtMi44LjUwOC01LjQxNyAxLjUyNS03Ljg1UzcuOTUgMTEuNiA5Ljc1IDkuOGMxLjgtMS44IDMuOTE3LTMuMjE3IDYuMzUtNC4yNVMyMS4xNjcgNCAyNCA0YzIuNSAwIDQuODMzLjQgNyAxLjIgMi4xNjcuOCA0LjExNyAxLjkgNS44NSAzLjNsLTIuMTUgMi4xNWExNi43MzIgMTYuNzMyIDAgMCAwLTQuOS0yLjdDMjggNy4zMTcgMjYuMDY3IDcgMjQgN2MtNC44MzMgMC04Ljg3NSAxLjYyNS0xMi4xMjUgNC44NzVTNyAxOS4xNjcgNyAyNHMxLjYyNSA4Ljg3NSA0Ljg3NSAxMi4xMjVTMTkuMTY3IDQxIDI0IDQxczguODc1LTEuNjI1IDEyLjEyNS00Ljg3NVM0MSAyOC44MzMgNDEgMjRjMC0xLS4wNzUtMS45NzUtLjIyNS0yLjkyNS0uMTUtLjk1LS4zNzUtMS44NzUtLjY3NS0yLjc3NWwyLjMtMi4zYTE5LjEyMiAxOS4xMjIgMCAwIDEgMS4yIDMuODVjLjI2NyAxLjMzMy40IDIuNzE3LjQgNC4xNSAwIDIuODMzLS41MTcgNS40NjctMS41NSA3LjktMS4wMzMgMi40MzMtMi40NSA0LjU1LTQuMjUgNi4zNS0xLjggMS44LTMuOTE3IDMuMjA4LTYuMzUgNC4yMjVDMjkuNDE3IDQzLjQ5MiAyNi44IDQ0IDI0IDQ0Wm0tMi45NS0xMC45LTguMjUtOC4zIDIuMjUtMi4yNSA2IDYgMjAuNy0yMC43IDIuMyAyLjI1LTIzIDIzWiIvPjwvZz48L3N2Zz4=\" alt=\"\" style=\"object-fit:cover;width:32px;height:32px\"\/><\/figure>\n\n\n\n<div class=\"wp-block-group wp-container-content-958eb9dc has-global-padding is-layout-constrained wp-block-group-is-layout-constrained\">\n<h3 class=\"wp-block-heading\" style=\"font-size:clamp(14px, 0.875rem + ((1vw - 3.2px) * 0.588), 20px);line-height:1.5\">Gef\u00fchrte Paddeltouren in Stockholm<\/h3>\n\n\n\n<p class=\"has-small-font-size\" style=\"margin-top:4px\">Bring dein Unternehmen mit und buche noch heute eine Paddeltour in Stockholm! Wir liefern fertige Konzepte, die perfekt als Afterwork oder Kick-off-Aktivit\u00e4t passen. <\/p>\n\n\n\n<p><a href=\"https:\/\/lekmer.nu\/foretagspaddling\/\" data-type=\"page\" data-id=\"387\">Mehr \u00fcber unsere Firmenpakete<\/a><\/p>\n<\/div>\n<\/div>\n\n\n\n<div class=\"wp-block-group is-nowrap is-layout-flex wp-container-core-group-is-layout-501511a6 wp-block-group-is-layout-flex\">\n<figure class=\"wp-block-image size-large is-resized ext-aspect-landscape wp-duotone-varpresetduotoneprimary-foreground-3\"><img decoding=\"async\" src=\"data:image\/svg+xml;base64,PHN2ZyB4bWxucz0iaHR0cDovL3d3dy53My5vcmcvMjAwMC9zdmciIHdpZHRoPSI0OCIgaGVpZ2h0PSI0OCIgZmlsbD0ibm9uZSIgdmlld0JveD0iMCAwIDQ4IDQ4Ij48bWFzayBpZD0iYSIgd2lkdGg9IjQ4IiBoZWlnaHQ9IjQ4IiB4PSIwIiB5PSIwIiBtYXNrVW5pdHM9InVzZXJTcGFjZU9uVXNlIiBzdHlsZT0ibWFzay10eXBlOmFscGhhIj48cGF0aCBmaWxsPSIjRDlEOUQ5IiBkPSJNMCAwaDQ4djQ4SDB6Ii8+PC9tYXNrPjxnIG1hc2s9InVybCgjYSkiPjxwYXRoIGZpbGw9IiMxQzFCMUYiIGQ9Ik0yNCA0NGMtMi44MzMgMC01LjQ2Ny0uNTA4LTcuOS0xLjUyNS0yLjQzMy0xLjAxNy00LjU1LTIuNDI1LTYuMzUtNC4yMjUtMS44LTEuOC0zLjIwOC0zLjkxNy00LjIyNS02LjM1QzQuNTA4IDI5LjQ2NyA0IDI2LjgzMyA0IDI0YzAtMi44LjUwOC01LjQxNyAxLjUyNS03Ljg1UzcuOTUgMTEuNiA5Ljc1IDkuOGMxLjgtMS44IDMuOTE3LTMuMjE3IDYuMzUtNC4yNVMyMS4xNjcgNCAyNCA0YzIuNSAwIDQuODMzLjQgNyAxLjIgMi4xNjcuOCA0LjExNyAxLjkgNS44NSAzLjNsLTIuMTUgMi4xNWExNi43MzIgMTYuNzMyIDAgMCAwLTQuOS0yLjdDMjggNy4zMTcgMjYuMDY3IDcgMjQgN2MtNC44MzMgMC04Ljg3NSAxLjYyNS0xMi4xMjUgNC44NzVTNyAxOS4xNjcgNyAyNHMxLjYyNSA4Ljg3NSA0Ljg3NSAxMi4xMjVTMTkuMTY3IDQxIDI0IDQxczguODc1LTEuNjI1IDEyLjEyNS00Ljg3NVM0MSAyOC44MzMgNDEgMjRjMC0xLS4wNzUtMS45NzUtLjIyNS0yLjkyNS0uMTUtLjk1LS4zNzUtMS44NzUtLjY3NS0yLjc3NWwyLjMtMi4zYTE5LjEyMiAxOS4xMjIgMCAwIDEgMS4yIDMuODVjLjI2NyAxLjMzMy40IDIuNzE3LjQgNC4xNSAwIDIuODMzLS41MTcgNS40NjctMS41NSA3LjktMS4wMzMgMi40MzMtMi40NSA0LjU1LTQuMjUgNi4zNS0xLjggMS44LTMuOTE3IDMuMjA4LTYuMzUgNC4yMjVDMjkuNDE3IDQzLjQ5MiAyNi44IDQ0IDI0IDQ0Wm0tMi45NS0xMC45LTguMjUtOC4zIDIuMjUtMi4yNSA2IDYgMjAuNy0yMC43IDIuMyAyLjI1LTIzIDIzWiIvPjwvZz48L3N2Zz4=\" alt=\"\" style=\"object-fit:cover;width:32px;height:32px\"\/><\/figure>\n\n\n\n<div class=\"wp-block-group wp-container-content-958eb9dc has-global-padding is-layout-constrained wp-block-group-is-layout-constrained\">\n<h3 class=\"wp-block-heading\" style=\"font-size:clamp(14px, 0.875rem + ((1vw - 3.2px) * 0.588), 20px);line-height:1.5\">Kurse der Extraklasse<\/h3>\n\n\n\n<p class=\"has-small-font-size\" style=\"margin-top:4px\">Mit unserer Erfahrung in der Ausbildung und autorisierten Instruktoren k\u00f6nnen wir stolz einige der besten Paddelkurse Stockholms anbieten. <\/p>\n\n\n\n<p><a href=\"https:\/\/lekmer.nu\/kurser\/\" data-type=\"page\" data-id=\"20\">Mehr \u00fcber unsere Kurse<\/a><\/p>\n<\/div>\n<\/div>\n\n\n\n<div class=\"wp-block-group is-nowrap is-layout-flex wp-container-core-group-is-layout-501511a6 wp-block-group-is-layout-flex\">\n<figure class=\"wp-block-image size-large is-resized ext-aspect-landscape wp-duotone-varpresetduotoneprimary-foreground-4\"><img decoding=\"async\" src=\"data:image\/svg+xml;base64,PHN2ZyB4bWxucz0iaHR0cDovL3d3dy53My5vcmcvMjAwMC9zdmciIHdpZHRoPSI0OCIgaGVpZ2h0PSI0OCIgZmlsbD0ibm9uZSIgdmlld0JveD0iMCAwIDQ4IDQ4Ij48bWFzayBpZD0iYSIgd2lkdGg9IjQ4IiBoZWlnaHQ9IjQ4IiB4PSIwIiB5PSIwIiBtYXNrVW5pdHM9InVzZXJTcGFjZU9uVXNlIiBzdHlsZT0ibWFzay10eXBlOmFscGhhIj48cGF0aCBmaWxsPSIjRDlEOUQ5IiBkPSJNMCAwaDQ4djQ4SDB6Ii8+PC9tYXNrPjxnIG1hc2s9InVybCgjYSkiPjxwYXRoIGZpbGw9IiMxQzFCMUYiIGQ9Ik0yNCA0NGMtMi44MzMgMC01LjQ2Ny0uNTA4LTcuOS0xLjUyNS0yLjQzMy0xLjAxNy00LjU1LTIuNDI1LTYuMzUtNC4yMjUtMS44LTEuOC0zLjIwOC0zLjkxNy00LjIyNS02LjM1QzQuNTA4IDI5LjQ2NyA0IDI2LjgzMyA0IDI0YzAtMi44LjUwOC01LjQxNyAxLjUyNS03Ljg1UzcuOTUgMTEuNiA5Ljc1IDkuOGMxLjgtMS44IDMuOTE3LTMuMjE3IDYuMzUtNC4yNVMyMS4xNjcgNCAyNCA0YzIuNSAwIDQuODMzLjQgNyAxLjIgMi4xNjcuOCA0LjExNyAxLjkgNS44NSAzLjNsLTIuMTUgMi4xNWExNi43MzIgMTYuNzMyIDAgMCAwLTQuOS0yLjdDMjggNy4zMTcgMjYuMDY3IDcgMjQgN2MtNC44MzMgMC04Ljg3NSAxLjYyNS0xMi4xMjUgNC44NzVTNyAxOS4xNjcgNyAyNHMxLjYyNSA4Ljg3NSA0Ljg3NSAxMi4xMjVTMTkuMTY3IDQxIDI0IDQxczguODc1LTEuNjI1IDEyLjEyNS00Ljg3NVM0MSAyOC44MzMgNDEgMjRjMC0xLS4wNzUtMS45NzUtLjIyNS0yLjkyNS0uMTUtLjk1LS4zNzUtMS44NzUtLjY3NS0yLjc3NWwyLjMtMi4zYTE5LjEyMiAxOS4xMjIgMCAwIDEgMS4yIDMuODVjLjI2NyAxLjMzMy40IDIuNzE3LjQgNC4xNSAwIDIuODMzLS41MTcgNS40NjctMS41NSA3LjktMS4wMzMgMi40MzMtMi40NSA0LjU1LTQuMjUgNi4zNS0xLjggMS44LTMuOTE3IDMuMjA4LTYuMzUgNC4yMjVDMjkuNDE3IDQzLjQ5MiAyNi44IDQ0IDI0IDQ0Wm0tMi45NS0xMC45LTguMjUtOC4zIDIuMjUtMi4yNSA2IDYgMjAuNy0yMC43IDIuMyAyLjI1LTIzIDIzWiIvPjwvZz48L3N2Zz4=\" alt=\"\" style=\"object-fit:cover;width:32px;height:32px\"\/><\/figure>\n\n\n\n<div class=\"wp-block-group wp-container-content-958eb9dc has-global-padding is-layout-constrained wp-block-group-is-layout-constrained\">\n<h3 class=\"wp-block-heading\" style=\"font-size:clamp(14px, 0.875rem + ((1vw - 3.2px) * 0.588), 20px);line-height:1.5\">Expertise und Leidenschaft f\u00fcrs Paddeln<\/h3>\n\n\n\n<p class=\"has-small-font-size\" style=\"margin-top:4px\">Mit bald 15 Jahren Erfahrung im Unterrichten und Arbeiten rund ums Paddeln k\u00f6nnen wir garantieren, dass wir alles tun, um dir das bestm\u00f6gliche Erlebnis auf dem Wasser zu bieten.<\/p>\n\n\n\n<p><a href=\"https:\/\/lekmer.nu\/de\/ueber\/\" data-type=\"page\" data-id=\"18\">\u00dcber uns<\/a><\/p>\n<\/div>\n<\/div>\n<\/div>\n\n\n\n<div class=\"wp-block-column is-layout-flow wp-block-column-is-layout-flow\" style=\"flex-basis:50%\">\n<div class=\"wp-block-cover is-light\" style=\"min-height:100%;aspect-ratio:unset;\"><span aria-hidden=\"true\" class=\"wp-block-cover__background has-background-dim-0 has-background-dim\" style=\"background-color:#7c92a2\"><\/span><img loading=\"lazy\" decoding=\"async\" width=\"982\" height=\"1440\" class=\"wp-block-cover__image-background wp-image-639\" alt=\"personer som paddlar kajak p\u00e5 riddarfj\u00e4rden i Stockholm\" src=\"https:\/\/lekmer.nu\/wp-content\/uploads\/2024\/10\/Kajak-9762-1.jpg\" style=\"object-position:50% 55%\" data-object-fit=\"cover\" data-object-position=\"50% 55%\" srcset=\"https:\/\/lekmer.nu\/wp-content\/uploads\/2024\/10\/Kajak-9762-1.jpg 982w, https:\/\/lekmer.nu\/wp-content\/uploads\/2024\/10\/Kajak-9762-1-205x300.jpg 205w, https:\/\/lekmer.nu\/wp-content\/uploads\/2024\/10\/Kajak-9762-1-698x1024.jpg 698w, https:\/\/lekmer.nu\/wp-content\/uploads\/2024\/10\/Kajak-9762-1-102x150.jpg 102w, https:\/\/lekmer.nu\/wp-content\/uploads\/2024\/10\/Kajak-9762-1-768x1126.jpg 768w\" sizes=\"auto, (max-width: 982px) 100vw, 982px\" \/><div class=\"wp-block-cover__inner-container is-layout-flow wp-block-cover-is-layout-flow\">\n<div style=\"height:380px\" aria-hidden=\"true\" class=\"wp-block-spacer\"><\/div>\n<\/div><\/div>\n<\/div>\n<\/div>\n<\/div>\n","protected":false},"excerpt":{"rendered":"<p>Wir helfen euch bei eurer Outdoor-Aktivit\u00e4t im Semester Wir bieten besonders gute Preise f\u00fcrs Paddeln f\u00fcr Schulen und Vereine und k\u00f6nnen ganze Schulklassen an unseren sch\u00f6nen Stegen in Pampas oder Smedsudden empfangen. Pro Gruppe kann ein ausgebildeter Guide mitkommen, der f\u00fcr die Sicherheit verantwortlich ist, falls dieses Wissen bei eurer Lehrkraft nicht vorhanden ist. Wir [&hellip;]<\/p>\n","protected":false},"author":1,"featured_media":0,"parent":0,"menu_order":0,"comment_status":"closed","ping_status":"closed","template":"no-title","meta":{"footnotes":""},"class_list":["post-2006","page","type-page","status-publish","hentry"],"_links":{"self":[{"href":"https:\/\/lekmer.nu\/de\/wp-json\/wp\/v2\/pages\/2006","targetHints":{"allow":["GET"]}}],"collection":[{"href":"https:\/\/lekmer.nu\/de\/wp-json\/wp\/v2\/pages"}],"about":[{"href":"https:\/\/lekmer.nu\/de\/wp-json\/wp\/v2\/types\/page"}],"author":[{"embeddable":true,"href":"https:\/\/lekmer.nu\/de\/wp-json\/wp\/v2\/users\/1"}],"replies":[{"embeddable":true,"href":"https:\/\/lekmer.nu\/de\/wp-json\/wp\/v2\/comments?post=2006"}],"version-history":[{"count":2,"href":"https:\/\/lekmer.nu\/de\/wp-json\/wp\/v2\/pages\/2006\/revisions"}],"predecessor-version":[{"id":2149,"href":"https:\/\/lekmer.nu\/de\/wp-json\/wp\/v2\/pages\/2006\/revisions\/2149"}],"wp:attachment":[{"href":"https:\/\/lekmer.nu\/de\/wp-json\/wp\/v2\/media?parent=2006"}],"curies":[{"name":"wp","href":"https:\/\/api.w.org\/{rel}","templated":true}]}}