{"id":2027,"date":"2024-10-28T09:58:59","date_gmt":"2024-10-28T08:58:59","guid":{"rendered":"https:\/\/lekmer.nu\/mitgliedschaft\/"},"modified":"2026-02-24T21:44:45","modified_gmt":"2026-02-24T20:44:45","slug":"mitgliedschaft","status":"publish","type":"page","link":"https:\/\/lekmer.nu\/de\/mitgliedschaft\/","title":{"rendered":"Mitgliedschaft"},"content":{"rendered":"\n<div class=\"wp-block-cover alignfull is-light has-base-color has-text-color has-link-color wp-elements-2c0c56aba4d0109f90498262e7ad431f\"><img loading=\"lazy\" decoding=\"async\" width=\"1440\" height=\"810\" class=\"wp-block-cover__image-background wp-image-746\" alt=\"\" src=\"https:\/\/lekmer.nu\/wp-content\/uploads\/2024\/10\/Arholma-Landsort_1.150.1.jpg\" style=\"object-position:68% 36%\" data-object-fit=\"cover\" data-object-position=\"68% 36%\" srcset=\"https:\/\/lekmer.nu\/wp-content\/uploads\/2024\/10\/Arholma-Landsort_1.150.1.jpg 1440w, https:\/\/lekmer.nu\/wp-content\/uploads\/2024\/10\/Arholma-Landsort_1.150.1-300x169.jpg 300w, https:\/\/lekmer.nu\/wp-content\/uploads\/2024\/10\/Arholma-Landsort_1.150.1-1024x576.jpg 1024w, https:\/\/lekmer.nu\/wp-content\/uploads\/2024\/10\/Arholma-Landsort_1.150.1-150x84.jpg 150w, https:\/\/lekmer.nu\/wp-content\/uploads\/2024\/10\/Arholma-Landsort_1.150.1-768x432.jpg 768w\" sizes=\"auto, (max-width: 1440px) 100vw, 1440px\" \/><span aria-hidden=\"true\" class=\"wp-block-cover__background has-background-dim\" style=\"background-color:#828687\"><\/span><div class=\"wp-block-cover__inner-container has-global-padding is-layout-constrained wp-block-cover-is-layout-constrained\">\n<h1 class=\"wp-block-heading has-text-align-left has-background-color has-text-color has-link-color has-x-large-font-size wp-elements-006d207c95989bead72dfb623d71e7ba\">Mitgliedschaft<\/h1>\n\n\n\n<p class=\"has-background-color has-text-color has-link-color wp-elements-a78cd88f53bde25f5817d6740aca8cb8\">F\u00fcr dich, der \u00f6fter paddelt und mehr erleben m\u00f6chte.<\/p>\n\n\n\n<div class=\"wp-block-buttons is-layout-flex wp-block-buttons-is-layout-flex\">\n<div class=\"wp-block-button\"><a class=\"wp-block-button__link wp-element-button\" href=\"https:\/\/forms.gle\/2zTvkPFP7w8RMUpL6\" target=\"_blank\" rel=\"noreferrer noopener\">Werde jetzt Mitglied<\/a><\/div>\n<\/div>\n<\/div><\/div>\n<style>html[dir=\"rtl\"] .wpml-language-switcher-block .wpml-ls-dropdown ul li.wp-block-navigation-submenu .wp-block-navigation-submenu__toggle img{margin-left:12px}html[dir=\"rtl\"] .wpml-language-switcher-block .wpml-ls-dropdown ul li.wp-block-navigation-submenu ul.isHorizontal li{text-align:right}html[dir=\"rtl\"] .wpml-language-switcher-block .wpml-ls-dropdown ul li.wp-block-navigation-submenu ul.isHorizontal li a img{margin-left:12px}.wpml-language-switcher-block{display:flex;box-sizing:border-box;width:100% !important}.wpml-language-switcher-block>.wp-block-navigation-item,.wpml-language-switcher-block>.wp-block-navigation-item>div{display:flex;width:100% !important}.wpml-language-switcher-block .wp-block-navigation__container{background:unset !important}.wpml-language-switcher-block .hide-arrow .wp-block-navigation__submenu-icon{display:none}.wpml-language-switcher-block .wpml-ls-dropdown .wp-block-navigation-submenu__toggle.wpml-ls-keyboard-focus ~ .wp-block-navigation__submenu-container,.wpml-language-switcher-block .wpml-ls-dropdown li.open-on-hover-click .wp-block-navigation-submenu__toggle:focus ~ .wp-block-navigation__submenu-container,.wpml-language-switcher-block .wpml-ls-dropdown li.open-on-hover-click .wp-block-navigation-submenu__toggle:focus-within ~ .wp-block-navigation__submenu-container,.wpml-language-switcher-block .wpml-ls-dropdown li.open-on-hover-click:focus-within>.wp-block-navigation__submenu-container{visibility:visible;opacity:1;display:block;overflow:visible}.wpml-language-switcher-block .wpml-ls-dropdown ul li button{padding:0}.wpml-language-switcher-block .wpml-ls-dropdown ul li button+.isHorizontal{min-width:inherit !important}.wpml-language-switcher-block .wpml-ls-dropdown ul li button+.isHorizontal li{width:inherit !important}.wpml-language-switcher-block .wpml-ls-dropdown ul li button+.isHorizontal li a{display:flex;align-items:center;min-width:max-content}.wpml-language-switcher-block .wpml-ls-dropdown ul li.wp-block-navigation-submenu ul.isHorizontal{margin:0;min-width:inherit !important}.wpml-language-switcher-block .wpml-ls-dropdown ul li.wp-block-navigation-submenu ul.isHorizontal li{width:inherit !important;text-align:left}.wpml-language-switcher-block .wpml-ls-dropdown ul li.wp-block-navigation-submenu ul.isHorizontal li a{display:flex;align-items:center;min-width:max-content}.wpml-language-switcher-block ul{list-style-type:none !important;padding:0 !important;width:100%}.wpml-language-switcher-block ul li{margin:0}.wpml-language-switcher-block ul li>a.wp-block-navigation-item__content:focus{outline:1px solid #2F7D92}.wpml-language-switcher-block ul li.is-focused{outline:1px solid #2F7D92}.wpml-language-switcher-block ul.wp-block-navigation__submenu-container{border:inherit !important;background-color:unset !important;min-width:unset !important}.wpml-language-switcher-block ul.wp-block-navigation__submenu-container .wp-block-navigation-item{border-radius:0 !important}.wpml-language-switcher-block ul.wp-block-navigation__submenu-container .wp-block-navigation-item a{display:flex;align-items:center;min-width:max-content;padding:1px}.wpml-language-switcher-block ul.horizontal-list{display:flex;flex-direction:row;align-items:center;justify-content:flex-start;margin:0 !important;gap:1em !important}.wpml-language-switcher-block ul.horizontal-list li{display:inline-block;margin:0;line-height:100%}.wpml-language-switcher-block ul.horizontal-list li a{line-height:100%}.wpml-language-switcher-block ul.center-justify{justify-content:center}.wpml-language-switcher-block ul.center-justify .wp-block-navigation-item{justify-content:center}.wpml-language-switcher-block ul.right-justify{justify-content:right}.wpml-language-switcher-block ul.right-justify .wp-block-navigation-item{justify-content:right}.wpml-language-switcher-block ul.space_between-justify{justify-content:space-between}.wpml-language-switcher-block ul.space_between-justify li>div{white-space:nowrap}.wpml-language-switcher-block .hasHoverColor:hover{color:var(--hover-color) !important}.wpml-language-switcher-block .hasHoverBackgroundColor:hover{background-color:var(--hover-background-color) !important}.wpml-language-switcher-block ul.isHorizontal{padding-left:0;list-style:none}.wpml-language-switcher-block ul.isHorizontal li{display:inline;margin-left:0}.wpml-language-switcher-block ul.isHorizontal li div{display:inline-block}.wpml-language-switcher-block ul.hasSpacing.isHorizontal li:not(:last-child){margin-right:var(--language-spacing) !important}.wpml-language-switcher-block ul.hasSpacing.isVertical li:not(:last-child){margin-bottom:var(--language-spacing) !important}.wpml-language-switcher-block ul.hasSpacing.isVertical .wp-block-navigation-item>div,.wpml-language-switcher-block ul.hasSpacing.isVertical .wp-block-navigation-item>div>a{display:inline-flex;align-items:center}.wpml-language-switcher-block .hasHoverColor:hover{color:var(--hover-color) !important}.wpml-language-switcher-block .hasHoverBackgroundColor:hover{background-color:var(--hover-background-color) !important}.wpml-language-switcher-block .hasFontSize{font-size:var(--font-size) !important}.wpml-language-switcher-block .hasLetterSpacing{letter-spacing:var(--letter-spacing) !important}.wpml-language-switcher-block .hasTextTransform{text-transform:var(--text-transform) !important}.wpml-language-switcher-block .hasFontFamily{font-family:var(--font-family) !important}.wpml-ls-flag{display:inline-block}.wpml-ls-flag-style-btn{border:0px transparent;padding-top:3px !important}.wpml-ls-flag-style-btn.black-bg{background-color:black}.wpml-ls-flag-style-btn.transparent-bg{background-color:transparent}.wpml-ls-control-row{border:solid 1px #949494;border-radius:2px;margin-bottom:8px}.wpml-ls-control-row-with-padding{padding:1px}.wpml-ls-number-control{max-width:100%;width:100%}.wpml-ls-slider-control-alert{margin-top:5px !important}.wpml-ls-slider .ant-slider-track{background-color:#3858E9}.wpml-ls-slider .ant-slider-handle{border:solid 1px black}.wpml-ls-control-blue{color:#2F7D92}.wpml-ls-number-with-unit-select select{color:#2F7D92;font-weight:700}.wpml-ls-control-grey{color:#757575}.wpml-ls-control-bg-grey{background-color:#a6a6a6}.wpml-ls-control-font{font-family:\"SF Pro Text\", sans-serif;font-style:normal;font-weight:400 !important;font-size:13px !important;line-height:140% !important}.wpml-ls-option-btn-col{padding:0.5px}.wpml-ls-no-borders{border:none}.ant-col-8.wpml-ls-option-btn-col{display:inline-flex}.wpml-ls-three-btn-row .wpml-ls-option-btn-wrap{padding-top:8px;padding-bottom:8px;white-space:normal;word-break:break-word}.wpml-ls-three-btn-row .ant-btn-no-height-less-padding{height:unset;padding-right:10px;padding-left:10px}.wpml-ls-full-width{width:100%}.wpml-ls-toggle-control .components-form-toggle.is-checked>.components-form-toggle__track{background-color:#2F7D92;border-color:#2F7D92}.wpml-ls-toggle-control .components-form-toggle.is-checked>.components-form-toggle__thumb{background-color:white}.wpml-ls-toggle-control .components-form-toggle>.components-form-toggle__track{background-color:white;border-color:#373737}.wpml-ls-toggle-control .components-form-toggle>.components-form-toggle__thumb{background-color:#373737}.ant-select-dropdown{min-width:45px !important;max-width:45px !important;width:45px !important}.wpml-ls-color-control{border:1px solid #DDDDDD;border-bottom:0px;padding:10px;box-sizing:border-box}.wpml-ls-color-control.wpml-ls-with-bottom-border{border-bottom:1px solid #DDDDDD}.wpml-ls-color-control .wpml-ls-icon-no-color:hover{cursor:pointer}.wpml-ls-color-control .component-color-indicator{width:25px;height:25px;box-shadow:0px 0px 2px 1px lightgrey}.wpml-ls-color-control .component-color-indicator:hover{cursor:pointer}.wpml-ls-color-control .wpml-ls-color-title{top:3px}.wpml-ls-dimension-control{border-top:solid 1px #e0e0e0}.wpml-ls-dimension-control .components-panel__arrow{visibility:hidden}.wpml-ls-panel-settings-dropdown-container{position:absolute;right:0px}.wpml-ls-icon-link{width:24px;height:24px;top:3px;border-radius:2px}.ant-input-number-handler-wrap{display:none !important}.ant-input-number-input{padding-right:0px !important;padding-left:3px !important}.block-editor-contrast-checker+.block-editor-contrast-checker{display:none}.current-language-item{display:flex;align-items:center;min-height:30px}.current-language-item .wp-block-navigation-item__content>div{display:flex;align-items:center}.wpml-ls-fontLetterCase-control button.components-button.has-icon{margin-right:0 !important;min-width:30px !important;height:30px !important}.wpml-ls-fontLetterSpacing-control div.components-input-control__container{top:4px}[data-wpml='language-item']:first-of-type{margin-top:5px !important}.wpml-ls-dimension-panel .components-panel__arrow{display:none}.wpml-ls-typography-panel .components-panel__arrow{display:none}.wpml-ls-panel-settings-dropdown-container>div>button>span.anticon-more{font-size:large;margin-right:10px}.wpml-ls-panel-settings-dropdown-container>div>button>span.anticon-plus{font-size:medium;margin-right:10px}.wpml-ls-color-panel .wpml-ls-color-panel-wrap button.components-button:focus{outline:2px solid #2F7D92;color:#2F7D92}.wpml-ls-color-panel .wpml-ls-color-panel-wrap button.components-button:hover{color:#2F7D92 !important}.wpml-ls-option-btn-wrap:focus{outline:4px solid #2F7D92}.wpml-ls-option-btn-wrap:hover:not(.wpml-ls-option-btn-wrap[data-selected=\"true\"]){outline:2px solid #2F7D92;color:#2F7D92 !important}.wpml-ls-toggle-control .components-toggle-control__label:hover{color:#2F7D92}.components-input-control__container:hover .components-input-control__backdrop{border-color:#2F7D92 !important}input.components-input-control__input:focus ~ .components-input-control__backdrop{outline:2px solid #2F7D92 !important}.components-toggle-group-control[role=\"radiogroup\"]:hover{border-color:#2F7D92}.components-toggle-group-control[role=\"radiogroup\"] .components-toggle-group-control-option-base[role=\"radio\"]:hover{color:#2F7D92}.components-toggle-group-control[role=\"radiogroup\"] .components-toggle-group-control-option-base[role=\"radio\"]:focus{color:#2F7D92;outline:2px solid #2F7D92}.ant-slider .ant-slider-handle:not(.ant-tooltip-open){background-color:#2F7D92 !important;border-color:#373737}.ant-slider:hover .ant-slider-handle:not(.ant-tooltip-open),.ant-slider .ant-slider-handle:focus{background-color:#373737 !important;border-color:#2F7D92}.wpml-ls-typography-panel .components-panel__body .ant-col{margin-bottom:12px}.wpml-ls-fontSize-control div[aria-label=\"Font size\"]{margin-bottom:12px}.wpml-ls-fontSize-control .wpml-ls-fontLetterSpacing-control{display:grid;place-items:center;align-self:center}\n\n<\/style><div id=\"\" class=\"wpml-language-switcher-block is-layout-flex is-responsive has-child-selected wp-block-navigation\"><div class=\"block-editor-block-list__block wp-block wp-block-navigation-item has-link has-child wp-block-navigation-submenu\"><div id=\"\" class=\"\"><ul class=\"horizontal-list  hasSpacing isHorizontal\" style=\"--language-spacing:16px;flex-wrap:nowrap\" data-is-drop-zone=\"true\"><li class=\"wp-block-navigation-item \" data-wpml=\"language-item\"><div><a class=\"wp-block-navigation-item__content\" data-wpml=\"link\" href=\"https:\/\/lekmer.nu\/\" aria-label=\"Wechseln zu Svenska\"><img decoding=\"async\" alt=\"wpml-ls-flag\" class=\"wpml-ls-flag\" src=\"https:\/\/lekmer.nu\/wp-content\/plugins\/sitepress-multilingual-cms\/res\/flags\/sv.svg\" style=\"margin-right:4px;width:18px;height:12px;border-radius:0%;object-fit:unset\" size=\"24\" data-wpml=\"flag-url\"><span data-wpml=\"label\" data-wpml-label-type=\"both\" class=\"wp-block-navigation-item__label \">Svenska (Schwedisch)<\/span><\/a><\/div><\/li><li class=\"wp-block-navigation-item \" data-wpml=\"language-item\"><div><a class=\"wp-block-navigation-item__content\" data-wpml=\"link\" href=\"https:\/\/lekmer.nu\/en\/\" aria-label=\"Wechseln zu English\"><img decoding=\"async\" alt=\"wpml-ls-flag\" class=\"wpml-ls-flag\" src=\"https:\/\/lekmer.nu\/wp-content\/plugins\/sitepress-multilingual-cms\/res\/flags\/en.svg\" style=\"margin-right:4px;width:18px;height:12px;border-radius:0%;object-fit:unset\" size=\"24\" data-wpml=\"flag-url\"><span data-wpml=\"label\" data-wpml-label-type=\"both\" class=\"wp-block-navigation-item__label \">English (Englisch)<\/span><\/a><\/div><\/li><li class=\"wp-block-navigation-item \" data-wpml=\"current-language-item\"><div><img decoding=\"async\" alt=\"wpml-ls-flag\" class=\"wpml-ls-flag\" src=\"https:\/\/lekmer.nu\/wp-content\/plugins\/sitepress-multilingual-cms\/res\/flags\/de.svg\" style=\"margin-right:4px;width:18px;height:12px;border-radius:0%;object-fit:unset\" size=\"24\" data-wpml=\"flag-url\"><span data-wpml=\"label\" data-wpml-label-type=\"both\" class=\"wp-block-navigation-item__label \">Deutsch<\/span><\/div><\/li><\/ul><\/div><\/div><\/div>\n\n<p>Bist du vom Paddeln begeistert? M\u00f6chtest du die M\u00f6glichkeit haben, neue Bekanntschaften zu machen, die dein Interesse teilen? M\u00f6chtest du so viel paddeln, wie du willst, ohne ein eigenes Kajak besitzen zu m\u00fcssen?   <\/p>\n\n<p>Dann ist unser Mitgliederclub genau das Richtige f\u00fcr dich!<\/p>\n\n<h2 class=\"wp-block-heading has-large-font-size\">Warum eine Mitgliedschaft?<\/h2>\n\n<p>Unsere Mitgliedschaften wurden f\u00fcr dich geschaffen, wenn du eine oder vielleicht sogar mehrere der oben genannten Fragen mit Ja beantwortet hast, und die Idee hinter unseren Mitgliedschaften l\u00e4sst sich mit den folgenden drei Zielen erkl\u00e4ren.<\/p>\n\n<ol class=\"wp-block-list\">\n<li><strong>Gemeinschaft und Zusammengeh\u00f6rigkeit<\/strong>: Wir m\u00f6chten es Menschen, die das Paddeln lieben, einfacher machen, Gleichgesinnte zu treffen und eine starke Gemeinschaft aufzubauen.<br\/><\/li>\n\n\n\n<li><strong>Nachhaltige Paddell\u00f6sung<\/strong>: Wir streben danach, eine nachhaltige L\u00f6sung anzubieten, bei der du viel paddeln kannst, ohne eigene Ausr\u00fcstung besitzen zu m\u00fcssen. Dies macht das Paddeln zug\u00e4nglicher und f\u00f6rdert gleichzeitig einen umweltfreundlicheren und verantwortungsvolleren Lebensstil. <br\/><\/li>\n\n\n\n<li><strong>Inspiration und Entwicklung<\/strong>: Wir m\u00f6chten mehr Menschen dazu inspirieren, ihre Paddelkenntnisse zu entwickeln und pers\u00f6nliches Wachstum durch unsere Mitgliedsvorteile und Veranstaltungen zu f\u00f6rdern.<\/li>\n<\/ol>\n\n<h3 class=\"wp-block-heading\">Was in unseren Mitgliedschaften enthalten ist<\/h3>\n\n<p>Wir haben vier verschiedene Mitgliedschaftsstufen entwickelt, die alle auf unterschiedliche Bed\u00fcrfnisse zugeschnitten sind, damit es eine Mitgliedschaft gibt, die genau zu dir passt. In allen Mitgliedschaften sind <strong>10 % Rabatt auf <a href=\"https:\/\/lekmer.nu\/kurser\/\" data-type=\"page\" data-id=\"20\">Kurse<\/a><\/strong> und die M\u00f6glichkeit zur Teilnahme an Mitgliedertouren zu verg\u00fcnstigten Preisen enthalten. <\/p>\n\n<div class=\"wp-block-group has-global-padding is-layout-constrained wp-block-group-is-layout-constrained\">\n<h4 class=\"wp-block-heading\">Mitgliedschaftsstufen und Preise:<\/h4>\n\n\n\n<ol class=\"wp-block-list\">\n<li><strong>Stufe 1:<\/strong>\n<ul class=\"wp-block-list\">\n<li>Preis: 990 SEK\/Jahr<\/li>\n\n\n\n<li>Vorteile:\n<ul class=\"wp-block-list\">\n<li>10 % Rabatt auf <a href=\"https:\/\/lekmer.nu\/de\/kajakverleih-stockholm\/\" data-type=\"page\" data-id=\"24\">Kajak<\/a>&#8211; &amp; <a href=\"https:\/\/lekmer.nu\/de\/sup-stockholm-mieten\/\" data-type=\"page\" data-id=\"210\">SUP-Mieten<\/a><\/li>\n\n\n\n<li>50 % Rabatt auf <a href=\"https:\/\/lekmer.nu\/de\/donnerstagspaddeln\/\" data-type=\"page\" data-id=\"337\">Donnerstagspaddeltouren<\/a><\/li>\n<\/ul>\n<\/li>\n\n\n\n<li>Anforderung:\n<ul class=\"wp-block-list\">\n<li> <a href=\"https:\/\/kanot.com\/utbildning\/paddelpasset\/gul---niva-1\" target=\"_blank\" rel=\"noreferrer noopener\">Gelber Paddelpass<\/a> oder gleichwertig (z. B. unser <a href=\"https:\/\/lekmer.nu\/kurser\/grundkurs-kajak\/\" data-type=\"page\" data-id=\"316\">Grundkurs Kajak<\/a>)<\/li>\n<\/ul>\n<\/li>\n<\/ul>\n<\/li>\n\n\n\n<li><strong>Stufe 2:<\/strong>\n<ul class=\"wp-block-list\">\n<li>Preis: 2.500 SEK\/Jahr<\/li>\n\n\n\n<li>Vorteile:\n<ul class=\"wp-block-list\">\n<li>15 % Rabatt auf <a href=\"https:\/\/lekmer.nu\/de\/kajakverleih-stockholm\/\" data-type=\"page\" data-id=\"24\">Kajak<\/a>&#8211; &amp; <a href=\"https:\/\/lekmer.nu\/de\/sup-stockholm-mieten\/\" data-type=\"page\" data-id=\"210\">SUP-Mieten<\/a><\/li>\n\n\n\n<li>Kostenlose <a href=\"https:\/\/lekmer.nu\/de\/donnerstagspaddeln\/\" data-type=\"page\" data-id=\"337\">Donnerstagspaddeltouren<\/a><\/li>\n<\/ul>\n<\/li>\n\n\n\n<li>Anforderung: \n<ul class=\"wp-block-list\">\n<li><a href=\"https:\/\/kanot.com\/utbildning\/paddelpasset\/gul---niva-1\" target=\"_blank\" rel=\"noreferrer noopener\">Gelber Paddelpass<\/a> oder gleichwertig (z. B. unser <a href=\"https:\/\/lekmer.nu\/kurser\/grundkurs-kajak\/\" data-type=\"page\" data-id=\"316\">Grundkurs Kajak<\/a>)<\/li>\n<\/ul>\n<\/li>\n<\/ul>\n<\/li>\n\n\n\n<li><strong>Stufe 3:<\/strong>\n<ul class=\"wp-block-list\">\n<li>Preis: 5.400 SEK\/Jahr<\/li>\n\n\n\n<li>Vorteile:\n<ul class=\"wp-block-list\">\n<li>100 % Rabatt auf <a href=\"https:\/\/lekmer.nu\/de\/kajakverleih-stockholm\/\" data-type=\"page\" data-id=\"24\">Kajak<\/a>&#8211; &amp; <a href=\"https:\/\/lekmer.nu\/de\/sup-stockholm-mieten\/\" data-type=\"page\" data-id=\"210\">SUP-Mieten<\/a> (2, 4 &amp; 8 Std.)<\/li>\n\n\n\n<li>15 % Rabatt auf <a href=\"https:\/\/lekmer.nu\/de\/kajakverleih-stockholm\/\" data-type=\"page\" data-id=\"24\">Kajak<\/a>&#8211; &amp; <a href=\"https:\/\/lekmer.nu\/de\/sup-stockholm-mieten\/\" data-type=\"page\" data-id=\"210\">SUP-Mieten<\/a> f\u00fcr Freunde, die mit dir paddeln.<\/li>\n\n\n\n<li>75 % Rabatt auf Mehrtagesmieten (von 1 \u2013 7 Tagen)<\/li>\n\n\n\n<li>Kostenlose <a href=\"https:\/\/lekmer.nu\/de\/donnerstagspaddeln\/\" data-type=\"page\" data-id=\"337\">Donnerstagspaddeltouren<\/a><\/li>\n<\/ul>\n<\/li>\n\n\n\n<li>Anforderung \n<ul class=\"wp-block-list\">\n<li><a href=\"https:\/\/kanot.com\/utbildning\/paddelpasset\/gul---niva-1\" target=\"_blank\" rel=\"noreferrer noopener\">Gelber Paddelpass<\/a> oder gleichwertig (z. B. unser <a href=\"https:\/\/lekmer.nu\/kurser\/grundkurs-kajak\/\" data-type=\"page\" data-id=\"316\">Grundkurs Kajak<\/a>)<\/li>\n<\/ul>\n<\/li>\n<\/ul>\n<\/li>\n\n\n\n<li><strong>Stufe 4:<\/strong>\n<ul class=\"wp-block-list\">\n<li>Preis: Gleich wie Stufe 3<\/li>\n\n\n\n<li>Vorteile:\n<ul class=\"wp-block-list\">\n<li>Alle Vorteile von Stufe 3<\/li>\n\n\n\n<li>Freier Zugang zum Paddeln in Pampas au\u00dferhalb der regul\u00e4ren \u00d6ffnungszeiten.<\/li>\n<\/ul>\n<\/li>\n\n\n\n<li>Anforderung:\n<ul class=\"wp-block-list\">\n<li><a href=\"https:\/\/kanot.com\/utbildning\/paddelpasset\/gron---niva-2\/kajak-gron\" data-type=\"link\" data-id=\"https:\/\/kanot.com\/utbildning\/paddelpasset\/gron---niva-2\/kajak-gron\" target=\"_blank\" rel=\"noopener\">Gr\u00fcner Paddelpass<\/a> und Einweisung in den Self-Service in Pampas.<\/li>\n<\/ul>\n<\/li>\n<\/ul>\n<\/li>\n<\/ol>\n\n\n\n<p>W\u00e4hle die Mitgliedschaft, die am besten zu dir passt, und werde noch heute Teil der LEK MER-Gemeinschaft!<\/p>\n\n\n\n<p>Hast du Fragen zu unseren Mitgliedschaften und ob du Mitglied werden kannst? <br\/>Kontaktiere uns unter info@lekmer.nu<\/p>\n\n\n\n<div class=\"wp-block-buttons is-layout-flex wp-block-buttons-is-layout-flex\">\n<div class=\"wp-block-button\"><a class=\"wp-block-button__link wp-element-button\" href=\"https:\/\/forms.gle\/2zTvkPFP7w8RMUpL6\" target=\"_blank\" rel=\"noopener\">Werde jetzt Mitglied!<\/a><\/div>\n<\/div>\n<\/div>\n\n<p><\/p>\n","protected":false},"excerpt":{"rendered":"<p>Bist du vom Paddeln begeistert? M\u00f6chtest du die M\u00f6glichkeit haben, neue Bekanntschaften zu machen, die dein Interesse teilen? M\u00f6chtest du so viel paddeln, wie du willst, ohne ein eigenes Kajak besitzen zu m\u00fcssen? Dann ist unser Mitgliederclub genau das Richtige f\u00fcr dich! Warum eine Mitgliedschaft? Unsere Mitgliedschaften wurden f\u00fcr dich geschaffen, wenn du eine oder [&hellip;]<\/p>\n","protected":false},"author":1,"featured_media":2028,"parent":0,"menu_order":0,"comment_status":"closed","ping_status":"closed","template":"","meta":{"footnotes":""},"class_list":["post-2027","page","type-page","status-publish","has-post-thumbnail","hentry"],"_links":{"self":[{"href":"https:\/\/lekmer.nu\/de\/wp-json\/wp\/v2\/pages\/2027","targetHints":{"allow":["GET"]}}],"collection":[{"href":"https:\/\/lekmer.nu\/de\/wp-json\/wp\/v2\/pages"}],"about":[{"href":"https:\/\/lekmer.nu\/de\/wp-json\/wp\/v2\/types\/page"}],"author":[{"embeddable":true,"href":"https:\/\/lekmer.nu\/de\/wp-json\/wp\/v2\/users\/1"}],"replies":[{"embeddable":true,"href":"https:\/\/lekmer.nu\/de\/wp-json\/wp\/v2\/comments?post=2027"}],"version-history":[{"count":3,"href":"https:\/\/lekmer.nu\/de\/wp-json\/wp\/v2\/pages\/2027\/revisions"}],"predecessor-version":[{"id":2152,"href":"https:\/\/lekmer.nu\/de\/wp-json\/wp\/v2\/pages\/2027\/revisions\/2152"}],"wp:featuredmedia":[{"embeddable":true,"href":"https:\/\/lekmer.nu\/de\/wp-json\/wp\/v2\/media\/2028"}],"wp:attachment":[{"href":"https:\/\/lekmer.nu\/de\/wp-json\/wp\/v2\/media?parent=2027"}],"curies":[{"name":"wp","href":"https:\/\/api.w.org\/{rel}","templated":true}]}}