{"id":2051,"date":"2024-12-12T12:43:29","date_gmt":"2024-12-12T11:43:29","guid":{"rendered":"https:\/\/lekmer.nu\/arbeite-bei-uns\/"},"modified":"2026-02-24T21:28:05","modified_gmt":"2026-02-24T20:28:05","slug":"arbeite-bei-uns","status":"publish","type":"page","link":"https:\/\/lekmer.nu\/de\/arbeite-bei-uns\/","title":{"rendered":"Arbeite bei uns"},"content":{"rendered":"\n<div class=\"wp-block-cover alignfull\"><img loading=\"lazy\" decoding=\"async\" width=\"1500\" height=\"1000\" class=\"wp-block-cover__image-background wp-image-1042\" alt=\"\" src=\"https:\/\/lekmer.nu\/wp-content\/uploads\/2024\/12\/4-DSC03634.jpg\" data-object-fit=\"cover\" srcset=\"https:\/\/lekmer.nu\/wp-content\/uploads\/2024\/12\/4-DSC03634.jpg 1500w, https:\/\/lekmer.nu\/wp-content\/uploads\/2024\/12\/4-DSC03634-300x200.jpg 300w, https:\/\/lekmer.nu\/wp-content\/uploads\/2024\/12\/4-DSC03634-1024x683.jpg 1024w, https:\/\/lekmer.nu\/wp-content\/uploads\/2024\/12\/4-DSC03634-150x100.jpg 150w, https:\/\/lekmer.nu\/wp-content\/uploads\/2024\/12\/4-DSC03634-768x512.jpg 768w\" sizes=\"auto, (max-width: 1500px) 100vw, 1500px\" \/><span aria-hidden=\"true\" class=\"wp-block-cover__background has-contrast-background-color has-background-dim\"><\/span><div class=\"wp-block-cover__inner-container has-global-padding is-layout-constrained wp-block-cover-is-layout-constrained\">\n<h1 class=\"wp-block-heading has-text-align-left has-x-large-font-size\">Arbeite bei LEK MER<\/h1>\n\n\n\n<p>Lust auf den coolsten Sommerjob? <br\/>Stell dir einen Sommer auf sonnigen Stegen mit netten G\u00e4sten vor. Kann es besser werden? <\/p>\n\n\n\n<div class=\"wp-block-buttons is-layout-flex wp-block-buttons-is-layout-flex\">\n<div class=\"wp-block-button\"><a class=\"wp-block-button__link wp-element-button\" href=\"mailto:jobb@lekmer.nu\">Jetzt bewerben<\/a><\/div>\n<\/div>\n<\/div><\/div>\n\n<div class=\"wp-block-group alignwide is-layout-flow wp-block-group-is-layout-flow\">\n<div class=\"wp-block-columns alignwide is-layout-flex wp-container-core-columns-is-layout-28f84493 wp-block-columns-is-layout-flex\">\n<div class=\"wp-block-column is-layout-flow wp-block-column-is-layout-flow\">\n<h2 class=\"wp-block-heading has-large-font-size\">Werde Teil unseres Teams<\/h2>\n\n\n\n<p>Bei Lek Mer Kajak &amp; SUP streben wir danach, unvergessliche Erlebnisse auf dem Wasser zu schaffen, bei denen jede Paddeltour eine Gelegenheit ist, die Sch\u00f6nheit der Stadt zu entdecken und sich weiterzuentwickeln. Wir glauben daran, eine nachhaltige und sichere Paddelkultur zu f\u00f6rdern, bei der Respekt f\u00fcr die Umwelt und f\u00fcreinander im Mittelpunkt steht. <\/p>\n\n\n\n<p>Jede Saison sind wir etwa 15 Personen, die gemeinsam an unseren Verleihstationen, Kursen und gef\u00fchrten Touren arbeiten.<\/p>\n<\/div>\n\n\n\n<div class=\"wp-block-column is-layout-flow wp-block-column-is-layout-flow\">\n<figure class=\"wp-block-image size-full\"><img loading=\"lazy\" decoding=\"async\" width=\"800\" height=\"533\" src=\"https:\/\/lekmer.nu\/wp-content\/uploads\/2024\/12\/Lao-Melina.jpg\" alt=\"Mitarbeiter helfen Paddlern im Wasser\" class=\"wp-image-1044\" style=\"aspect-ratio:4\/3;object-fit:cover\" srcset=\"https:\/\/lekmer.nu\/wp-content\/uploads\/2024\/12\/Lao-Melina.jpg 800w, https:\/\/lekmer.nu\/wp-content\/uploads\/2024\/12\/Lao-Melina-300x200.jpg 300w, https:\/\/lekmer.nu\/wp-content\/uploads\/2024\/12\/Lao-Melina-150x100.jpg 150w, https:\/\/lekmer.nu\/wp-content\/uploads\/2024\/12\/Lao-Melina-768x512.jpg 768w\" sizes=\"auto, (max-width: 800px) 100vw, 800px\" \/><\/figure>\n<\/div>\n<\/div>\n\n\n\n<h2 class=\"wp-block-heading alignwide has-large-font-size\">Sicherheit, Wissen &amp; Freude<\/h2>\n\n\n\n<p>Werde Teil von Stockholms f\u00fchrenden Kajak- und SUP-Zentren! Wir suchen immer leidenschaftliche Outdoor-Enthusiasten, die sich unserem Team anschlie\u00dfen m\u00f6chten. Wenn du Wasser liebst, gerne neue Menschen triffst und deine Begeisterung f\u00fcr das Outdoor-Leben teilen m\u00f6chtest, wollen wir von dir h\u00f6ren!  <\/p>\n\n\n\n<p>Keine vorherige Kajakerfahrung? Kein Problem \u2013 wir sch\u00e4tzen deine Einstellung und deinen Lernwillen \u00fcber alles andere. <\/p>\n\n\n\n<p>Wir sind mehr als nur ein Kajakverleih \u2013 wir sind Outdoor-Enthusiasten, die sich daf\u00fcr einsetzen, unsere Liebe zum Wassersport mit anderen zu teilen. Als Teil unseres Teams kannst du Folgendes genie\u00dfen: <\/p>\n\n\n\n<ul class=\"wp-block-list\">\n<li>Ein unterhaltsames, dynamisches Arbeitsumfeld im Herzen von Stockholm<\/li>\n\n\n\n<li>Die M\u00f6glichkeit, deine Arbeitstage am und auf dem Wasser zu verbringen <\/li>\n\n\n\n<li>Umfassende Schulungsprogramme zur Verbesserung deiner F\u00e4higkeiten<\/li>\n\n\n\n<li>Personalrabatte auf Ausr\u00fcstung und Kurse<\/li>\n\n\n\n<li>Die Chance, Gleichgesinnte zu treffen und Kontakte zu kn\u00fcpfen<\/li>\n\n\n\n<li>Teil eines wachsenden Unternehmens mit Potenzial f\u00fcr zuk\u00fcnftige M\u00f6glichkeiten zu sein<\/li>\n<\/ul>\n\n\n\n<div class=\"wp-block-columns is-layout-flex wp-container-core-columns-is-layout-28f84493 wp-block-columns-is-layout-flex\">\n<div class=\"wp-block-column is-layout-flow wp-block-column-is-layout-flow\">\n<figure class=\"wp-block-image size-full\"><img loading=\"lazy\" decoding=\"async\" width=\"533\" height=\"800\" src=\"https:\/\/lekmer.nu\/wp-content\/uploads\/2024\/12\/7-DSC03661.jpg\" alt=\"Person, die am Steg in ein Kajak steigt\" class=\"wp-image-1046\" style=\"aspect-ratio:3\/2;object-fit:cover\" srcset=\"https:\/\/lekmer.nu\/wp-content\/uploads\/2024\/12\/7-DSC03661.jpg 533w, https:\/\/lekmer.nu\/wp-content\/uploads\/2024\/12\/7-DSC03661-200x300.jpg 200w, https:\/\/lekmer.nu\/wp-content\/uploads\/2024\/12\/7-DSC03661-100x150.jpg 100w\" sizes=\"auto, (max-width: 533px) 100vw, 533px\" \/><\/figure>\n\n\n\n<h2 class=\"wp-block-heading has-medium-font-size\">Stegwart<\/h2>\n\n\n\n<p>Als Stegwart bei Lek Mer Kajak &amp; SUP bist du das Gesicht unseres Unternehmens nach au\u00dfen und spielst eine zentrale Rolle dabei, ein positives Erlebnis f\u00fcr unsere Kunden zu schaffen. Deine Hauptaufgaben umfassen: <\/p>\n\n\n\n<ul class=\"wp-block-list\">\n<li>Kunden beim Verleih von Kajaks und SUP-Boards begr\u00fc\u00dfen und unterst\u00fctzen.<\/li>\n\n\n\n<li>Buchungen und Zahlungen verwalten.<\/li>\n\n\n\n<li>Sicherheitsanweisungen und Tipps f\u00fcr ein sicheres Paddelerlebnis geben.<\/li>\n\n\n\n<li>Sicherstellen, dass die gesamte Ausr\u00fcstung in gutem Zustand und einsatzbereit ist.<\/li>\n\n\n\n<li>Kunden bei den Vorbereitungen und der Ausr\u00fcstung beim Zu-Wasser-Lassen und bei der R\u00fcckgabe helfen.<\/li>\n<\/ul>\n\n\n\n<p>Wir suchen dich, wenn du serviceorientiert bist, ein Interesse an Wassersport hast und gerne im Freien arbeitest. Vorherige Erfahrung im Kundenservice oder beim Paddeln ist von Vorteil, aber keine Voraussetzung. Werde Teil unseres Teams und trage dazu bei, das Paddeln f\u00fcr alle zug\u00e4nglich und unterhaltsam zu machen!  <\/p>\n\n\n\n<p>Bewirb dich, indem du eine E-Mail mit deinem Lebenslauf und einem pers\u00f6nlichen Anschreiben an jobb@lekmer.nu sendest<\/p>\n\n\n\n<div class=\"wp-block-buttons is-layout-flex wp-block-buttons-is-layout-flex\">\n<div class=\"wp-block-button\"><a class=\"wp-block-button__link wp-element-button\" href=\"mailto:jobb@lekmer.nu\">Jetzt bewerben<\/a><\/div>\n<\/div>\n<\/div>\n\n\n\n<div class=\"wp-block-column is-layout-flow wp-block-column-is-layout-flow\">\n<figure class=\"wp-block-image size-full\"><img loading=\"lazy\" decoding=\"async\" width=\"500\" height=\"400\" src=\"https:\/\/lekmer.nu\/wp-content\/uploads\/2024\/10\/IMG_3869-2.jpg\" alt=\"Personen, die eine Kameradenrettung im Kajak durchf\u00fchren\" class=\"wp-image-274\" style=\"aspect-ratio:3\/2;object-fit:cover\" srcset=\"https:\/\/lekmer.nu\/wp-content\/uploads\/2024\/10\/IMG_3869-2.jpg 500w, https:\/\/lekmer.nu\/wp-content\/uploads\/2024\/10\/IMG_3869-2-300x240.jpg 300w\" sizes=\"auto, (max-width: 500px) 100vw, 500px\" \/><\/figure>\n\n\n\n<h2 class=\"wp-block-heading has-medium-font-size\">Instruktor &amp; Guide<\/h2>\n\n\n\n<p>Als Instruktor bei uns bist du daf\u00fcr verantwortlich, neue und erfahrene Paddler auszubilden und zu inspirieren. Wir folgen den Normen des Kanuverbands, und um als Instruktor bei uns zu arbeiten, solltest du vom Schwedischen Kanuverband zertifiziert sein und mindestens Seekajakleiter 1 absolviert haben.<br\/>In der Saison 2025 gibt es die M\u00f6glichkeit, an Folgendem zu arbeiten: <\/p>\n\n\n\n<ul class=\"wp-block-list\">\n<li>Abendkurse auf Wei\u00df-Gr\u00fcn-Niveau im Rahmen des Paddelpass.<\/li>\n\n\n\n<li>Firmenpaddeln<\/li>\n\n\n\n<li>\u00dcbernachtungstouren<\/li>\n\n\n\n<li>Rollkurse<\/li>\n\n\n\n<li>Rettungskurse<\/li>\n\n\n\n<li>SUP-Kurse<\/li>\n<\/ul>\n\n\n\n<p>Wir suchen dich, wenn du serviceorientiert bist, ein Interesse am Outdoor-Leben hast und gerne im Freien arbeitest. Du solltest ein Auge f\u00fcr Sicherheit haben und sicher im Leiten einer Gruppe sein. Werde Teil unseres Teams und trage dazu bei, das Paddeln f\u00fcr alle zug\u00e4nglich und unterhaltsam zu machen!  <\/p>\n\n\n\n<p>Bewirb dich, indem du eine E-Mail mit einer Beschreibung \u00fcber dich selbst an jobb@lekmer.nu sendest <\/p>\n\n\n\n<div class=\"wp-block-buttons is-layout-flex wp-block-buttons-is-layout-flex\">\n<div class=\"wp-block-button\"><a class=\"wp-block-button__link wp-element-button\" href=\"mailto:jobb@lekmer.nu\">Jetzt bewerben<\/a><\/div>\n<\/div>\n<\/div>\n<\/div>\n<\/div>\n\n<div class=\"wp-block-cover alignfull is-light has-background-color has-text-color has-link-color wp-elements-ff179502d8bdb3cc9886e4f3ea5c997d\" style=\"margin-top:var(--wp--preset--spacing--20);margin-bottom:0\"><span aria-hidden=\"true\" class=\"wp-block-cover__background has-background-dim\" style=\"background-color:#828687\"><\/span><img loading=\"lazy\" decoding=\"async\" width=\"1440\" height=\"810\" class=\"wp-block-cover__image-background wp-image-746\" alt=\"2 glada personer i stockholms sk\u00e4rg\u00e5rd\" src=\"https:\/\/lekmer.nu\/wp-content\/uploads\/2024\/10\/Arholma-Landsort_1.150.1.jpg\" data-object-fit=\"cover\" srcset=\"https:\/\/lekmer.nu\/wp-content\/uploads\/2024\/10\/Arholma-Landsort_1.150.1.jpg 1440w, https:\/\/lekmer.nu\/wp-content\/uploads\/2024\/10\/Arholma-Landsort_1.150.1-300x169.jpg 300w, https:\/\/lekmer.nu\/wp-content\/uploads\/2024\/10\/Arholma-Landsort_1.150.1-1024x576.jpg 1024w, https:\/\/lekmer.nu\/wp-content\/uploads\/2024\/10\/Arholma-Landsort_1.150.1-150x84.jpg 150w, https:\/\/lekmer.nu\/wp-content\/uploads\/2024\/10\/Arholma-Landsort_1.150.1-768x432.jpg 768w\" sizes=\"auto, (max-width: 1440px) 100vw, 1440px\" \/><div class=\"wp-block-cover__inner-container has-global-padding is-layout-constrained wp-block-cover-is-layout-constrained\">\n<p class=\"has-text-align-left has-background-color has-text-color has-link-color has-large-font-size wp-elements-82eb713f0cd7b11955eed86ca8ecba8a\">Abonniere unseren Newsletter<\/p>\n\n\n\n\t\t\t<form id=\"sib_signup_form_2\" method=\"post\" class=\"sib_signup_form\">\n\t\t\t\t<div class=\"sib_loader\" style=\"display:none;\"><img\n\t\t\t\t\t\t\tsrc=\"https:\/\/lekmer.nu\/wp-includes\/images\/spinner.gif\" alt=\"loader\"><\/div>\n\t\t\t\t<input type=\"hidden\" name=\"sib_form_action\" value=\"subscribe_form_submit\">\n\t\t\t\t<input type=\"hidden\" name=\"sib_form_id\" value=\"2\">\n                <input type=\"hidden\" name=\"sib_form_alert_notice\" value=\"Please fill out this field\">\n                <input type=\"hidden\" name=\"sib_form_invalid_email_notice\" value=\"Your email address is invalid\">\n                <input type=\"hidden\" name=\"sib_security\" value=\"de92cf33b7\">\n\t\t\t\t<div class=\"sib_signup_box_inside_2\">\n\t\t\t\t\t<div style=\"\/*display:none*\/\" class=\"sib_msg_disp\">\n\t\t\t\t\t<\/div>\n                    \t\t\t\t\t<p class=\"sib-email-area\">\r\n    Epost*\r\n    <input type=\"email\" class=\"sib-email-area\" name=\"email\" required=\"required\">\r\n<\/p>\r\n<p>\r\n    <input type=\"submit\" class=\"sib-default-btn\" value=\"Subscribe\">\r\n<\/p>\r\n\t\t\t\t<\/div>\n\t\t\t<\/form>\n\t\t\t<style>\n\t\t\t\tform#sib_signup_form_2 p.sib-alert-message {\n    padding: 6px 12px;\n    margin-bottom: 20px;\n    border: 1px solid transparent;\n    border-radius: 4px;\n    -webkit-box-sizing: border-box;\n    -moz-box-sizing: border-box;\n    box-sizing: border-box;\n}\nform#sib_signup_form_2 p.sib-alert-message-error {\n    background-color: #f2dede;\n    border-color: #ebccd1;\n    color: #a94442;\n}\nform#sib_signup_form_2 p.sib-alert-message-success {\n    background-color: #dff0d8;\n    border-color: #d6e9c6;\n    color: #3c763d;\n}\nform#sib_signup_form_2 p.sib-alert-message-warning {\n    background-color: #fcf8e3;\n    border-color: #faebcc;\n    color: #8a6d3b;\n}\n\t\t\t<\/style>\n\t\t\t\n<\/div><\/div>\n\n<div class=\"wp-block-group alignfull has-background-background-color has-background has-global-padding is-layout-constrained wp-container-core-group-is-layout-fb85e995 wp-block-group-is-layout-constrained\" id=\"funktioner\" style=\"margin-top:0;margin-bottom:0;padding-top:var(--wp--preset--spacing--60);padding-right:var(--wp--preset--spacing--30);padding-bottom:var(--wp--preset--spacing--60);padding-left:var(--wp--preset--spacing--30)\">\n<div class=\"wp-block-group alignwide is-layout-flow wp-block-group-is-layout-flow\">\n<h2 class=\"wp-block-heading has-large-font-size\">Lek Mer \u2013 dein Partner rund ums Paddeln!<\/h2>\n\n\n\n<p style=\"margin-top:16px\">Unsere Mission ist es, Paddeln f\u00fcr alle zug\u00e4nglich und gleichzeitig richtig spa\u00dfig zu machen \u2013 mit Fokus auf Sicherheit, erstklassigen Service und kompetentes Personal. Mit unseren zentralen Standorten in Stockholm und einem breiten Angebot, von Verleih bis zu Kursen, sind wir die naheliegende Wahl f\u00fcrs Paddeln in Stockholm. Egal, ob du Anf\u00e4nger oder erfahrener Paddler bist: Wir sind da, um deine Paddeltr\u00e4ume wahr zu machen.  <\/p>\n<\/div>\n\n\n\n<div class=\"wp-block-columns alignwide is-layout-flex wp-container-core-columns-is-layout-08c01c1c wp-block-columns-is-layout-flex\">\n<div class=\"wp-block-column is-layout-flow wp-block-column-is-layout-flow\" style=\"padding-top:var(--wp--preset--spacing--30);padding-bottom:var(--wp--preset--spacing--30);flex-basis:50%\">\n<div class=\"wp-block-group is-nowrap is-layout-flex wp-container-core-group-is-layout-501511a6 wp-block-group-is-layout-flex\">\n<figure class=\"wp-block-image size-large is-resized ext-aspect-landscape wp-duotone-varpresetduotoneprimary-foreground-1\"><img decoding=\"async\" src=\"data:image\/svg+xml;base64,PHN2ZyB4bWxucz0iaHR0cDovL3d3dy53My5vcmcvMjAwMC9zdmciIHdpZHRoPSI0OCIgaGVpZ2h0PSI0OCIgZmlsbD0ibm9uZSIgdmlld0JveD0iMCAwIDQ4IDQ4Ij48bWFzayBpZD0iYSIgd2lkdGg9IjQ4IiBoZWlnaHQ9IjQ4IiB4PSIwIiB5PSIwIiBtYXNrVW5pdHM9InVzZXJTcGFjZU9uVXNlIiBzdHlsZT0ibWFzay10eXBlOmFscGhhIj48cGF0aCBmaWxsPSIjRDlEOUQ5IiBkPSJNMCAwaDQ4djQ4SDB6Ii8+PC9tYXNrPjxnIG1hc2s9InVybCgjYSkiPjxwYXRoIGZpbGw9IiMxQzFCMUYiIGQ9Ik0yNCA0NGMtMi44MzMgMC01LjQ2Ny0uNTA4LTcuOS0xLjUyNS0yLjQzMy0xLjAxNy00LjU1LTIuNDI1LTYuMzUtNC4yMjUtMS44LTEuOC0zLjIwOC0zLjkxNy00LjIyNS02LjM1QzQuNTA4IDI5LjQ2NyA0IDI2LjgzMyA0IDI0YzAtMi44LjUwOC01LjQxNyAxLjUyNS03Ljg1UzcuOTUgMTEuNiA5Ljc1IDkuOGMxLjgtMS44IDMuOTE3LTMuMjE3IDYuMzUtNC4yNVMyMS4xNjcgNCAyNCA0YzIuNSAwIDQuODMzLjQgNyAxLjIgMi4xNjcuOCA0LjExNyAxLjkgNS44NSAzLjNsLTIuMTUgMi4xNWExNi43MzIgMTYuNzMyIDAgMCAwLTQuOS0yLjdDMjggNy4zMTcgMjYuMDY3IDcgMjQgN2MtNC44MzMgMC04Ljg3NSAxLjYyNS0xMi4xMjUgNC44NzVTNyAxOS4xNjcgNyAyNHMxLjYyNSA4Ljg3NSA0Ljg3NSAxMi4xMjVTMTkuMTY3IDQxIDI0IDQxczguODc1LTEuNjI1IDEyLjEyNS00Ljg3NVM0MSAyOC44MzMgNDEgMjRjMC0xLS4wNzUtMS45NzUtLjIyNS0yLjkyNS0uMTUtLjk1LS4zNzUtMS44NzUtLjY3NS0yLjc3NWwyLjMtMi4zYTE5LjEyMiAxOS4xMjIgMCAwIDEgMS4yIDMuODVjLjI2NyAxLjMzMy40IDIuNzE3LjQgNC4xNSAwIDIuODMzLS41MTcgNS40NjctMS41NSA3LjktMS4wMzMgMi40MzMtMi40NSA0LjU1LTQuMjUgNi4zNS0xLjggMS44LTMuOTE3IDMuMjA4LTYuMzUgNC4yMjVDMjkuNDE3IDQzLjQ5MiAyNi44IDQ0IDI0IDQ0Wm0tMi45NS0xMC45LTguMjUtOC4zIDIuMjUtMi4yNSA2IDYgMjAuNy0yMC43IDIuMyAyLjI1LTIzIDIzWiIvPjwvZz48L3N2Zz4=\" alt=\"\" style=\"object-fit:cover;width:32px;height:32px\"\/><\/figure>\n\n\n\n<div class=\"wp-block-group wp-container-content-958eb9dc has-global-padding is-layout-constrained wp-block-group-is-layout-constrained\">\n<h3 class=\"wp-block-heading\" style=\"font-size:clamp(14px, 0.875rem + ((1vw - 3.2px) * 0.588), 20px);line-height:1.5\">Kajak- und SUP-Verleih<\/h3>\n\n\n\n<p class=\"has-small-font-size\" style=\"margin-top:4px\">Wir haben Ausr\u00fcstung, die f\u00fcr alle passt \u2013 egal, ob du Anf\u00e4nger oder Profi bist. Unsere Standorte im Zentrum von Stockholm sind der perfekte Ausgangspunkt, um das Venedig des Nordens vom Wasser aus zu erleben. <\/p>\n\n\n\n<div class=\"wp-block-group is-nowrap is-layout-flex wp-container-core-group-is-layout-6c531013 wp-block-group-is-layout-flex\">\n<p><a href=\"https:\/\/lekmer.nu\/de\/kajakverleih-stockholm\/\" data-type=\"page\" data-id=\"24\">Kajak mieten<\/a><\/p>\n\n\n\n<p><a href=\"https:\/\/lekmer.nu\/de\/sup-stockholm-mieten\/\" data-type=\"page\" data-id=\"210\">SUP mieten<\/a><\/p>\n<\/div>\n<\/div>\n<\/div>\n\n\n\n<div class=\"wp-block-group is-nowrap is-layout-flex wp-container-core-group-is-layout-501511a6 wp-block-group-is-layout-flex\">\n<figure class=\"wp-block-image size-large is-resized ext-aspect-landscape wp-duotone-varpresetduotoneprimary-foreground-2\"><img decoding=\"async\" src=\"data:image\/svg+xml;base64,PHN2ZyB4bWxucz0iaHR0cDovL3d3dy53My5vcmcvMjAwMC9zdmciIHdpZHRoPSI0OCIgaGVpZ2h0PSI0OCIgZmlsbD0ibm9uZSIgdmlld0JveD0iMCAwIDQ4IDQ4Ij48bWFzayBpZD0iYSIgd2lkdGg9IjQ4IiBoZWlnaHQ9IjQ4IiB4PSIwIiB5PSIwIiBtYXNrVW5pdHM9InVzZXJTcGFjZU9uVXNlIiBzdHlsZT0ibWFzay10eXBlOmFscGhhIj48cGF0aCBmaWxsPSIjRDlEOUQ5IiBkPSJNMCAwaDQ4djQ4SDB6Ii8+PC9tYXNrPjxnIG1hc2s9InVybCgjYSkiPjxwYXRoIGZpbGw9IiMxQzFCMUYiIGQ9Ik0yNCA0NGMtMi44MzMgMC01LjQ2Ny0uNTA4LTcuOS0xLjUyNS0yLjQzMy0xLjAxNy00LjU1LTIuNDI1LTYuMzUtNC4yMjUtMS44LTEuOC0zLjIwOC0zLjkxNy00LjIyNS02LjM1QzQuNTA4IDI5LjQ2NyA0IDI2LjgzMyA0IDI0YzAtMi44LjUwOC01LjQxNyAxLjUyNS03Ljg1UzcuOTUgMTEuNiA5Ljc1IDkuOGMxLjgtMS44IDMuOTE3LTMuMjE3IDYuMzUtNC4yNVMyMS4xNjcgNCAyNCA0YzIuNSAwIDQuODMzLjQgNyAxLjIgMi4xNjcuOCA0LjExNyAxLjkgNS44NSAzLjNsLTIuMTUgMi4xNWExNi43MzIgMTYuNzMyIDAgMCAwLTQuOS0yLjdDMjggNy4zMTcgMjYuMDY3IDcgMjQgN2MtNC44MzMgMC04Ljg3NSAxLjYyNS0xMi4xMjUgNC44NzVTNyAxOS4xNjcgNyAyNHMxLjYyNSA4Ljg3NSA0Ljg3NSAxMi4xMjVTMTkuMTY3IDQxIDI0IDQxczguODc1LTEuNjI1IDEyLjEyNS00Ljg3NVM0MSAyOC44MzMgNDEgMjRjMC0xLS4wNzUtMS45NzUtLjIyNS0yLjkyNS0uMTUtLjk1LS4zNzUtMS44NzUtLjY3NS0yLjc3NWwyLjMtMi4zYTE5LjEyMiAxOS4xMjIgMCAwIDEgMS4yIDMuODVjLjI2NyAxLjMzMy40IDIuNzE3LjQgNC4xNSAwIDIuODMzLS41MTcgNS40NjctMS41NSA3LjktMS4wMzMgMi40MzMtMi40NSA0LjU1LTQuMjUgNi4zNS0xLjggMS44LTMuOTE3IDMuMjA4LTYuMzUgNC4yMjVDMjkuNDE3IDQzLjQ5MiAyNi44IDQ0IDI0IDQ0Wm0tMi45NS0xMC45LTguMjUtOC4zIDIuMjUtMi4yNSA2IDYgMjAuNy0yMC43IDIuMyAyLjI1LTIzIDIzWiIvPjwvZz48L3N2Zz4=\" alt=\"\" style=\"object-fit:cover;width:32px;height:32px\"\/><\/figure>\n\n\n\n<div class=\"wp-block-group wp-container-content-958eb9dc has-global-padding is-layout-constrained wp-block-group-is-layout-constrained\">\n<h3 class=\"wp-block-heading\" style=\"font-size:clamp(14px, 0.875rem + ((1vw - 3.2px) * 0.588), 20px);line-height:1.5\">Gef\u00fchrte Paddeltouren in Stockholm<\/h3>\n\n\n\n<p class=\"has-small-font-size\" style=\"margin-top:4px\">Bring dein Unternehmen mit und buche noch heute eine Paddeltour in Stockholm! Wir liefern fertige Konzepte, die perfekt als Afterwork oder Kick-off-Aktivit\u00e4t passen. <\/p>\n\n\n\n<p><a href=\"https:\/\/lekmer.nu\/foretagspaddling\/\" data-type=\"page\" data-id=\"387\">Mehr \u00fcber unsere Firmenpakete<\/a><\/p>\n<\/div>\n<\/div>\n\n\n\n<div class=\"wp-block-group is-nowrap is-layout-flex wp-container-core-group-is-layout-501511a6 wp-block-group-is-layout-flex\">\n<figure class=\"wp-block-image size-large is-resized ext-aspect-landscape wp-duotone-varpresetduotoneprimary-foreground-3\"><img decoding=\"async\" src=\"data:image\/svg+xml;base64,PHN2ZyB4bWxucz0iaHR0cDovL3d3dy53My5vcmcvMjAwMC9zdmciIHdpZHRoPSI0OCIgaGVpZ2h0PSI0OCIgZmlsbD0ibm9uZSIgdmlld0JveD0iMCAwIDQ4IDQ4Ij48bWFzayBpZD0iYSIgd2lkdGg9IjQ4IiBoZWlnaHQ9IjQ4IiB4PSIwIiB5PSIwIiBtYXNrVW5pdHM9InVzZXJTcGFjZU9uVXNlIiBzdHlsZT0ibWFzay10eXBlOmFscGhhIj48cGF0aCBmaWxsPSIjRDlEOUQ5IiBkPSJNMCAwaDQ4djQ4SDB6Ii8+PC9tYXNrPjxnIG1hc2s9InVybCgjYSkiPjxwYXRoIGZpbGw9IiMxQzFCMUYiIGQ9Ik0yNCA0NGMtMi44MzMgMC01LjQ2Ny0uNTA4LTcuOS0xLjUyNS0yLjQzMy0xLjAxNy00LjU1LTIuNDI1LTYuMzUtNC4yMjUtMS44LTEuOC0zLjIwOC0zLjkxNy00LjIyNS02LjM1QzQuNTA4IDI5LjQ2NyA0IDI2LjgzMyA0IDI0YzAtMi44LjUwOC01LjQxNyAxLjUyNS03Ljg1UzcuOTUgMTEuNiA5Ljc1IDkuOGMxLjgtMS44IDMuOTE3LTMuMjE3IDYuMzUtNC4yNVMyMS4xNjcgNCAyNCA0YzIuNSAwIDQuODMzLjQgNyAxLjIgMi4xNjcuOCA0LjExNyAxLjkgNS44NSAzLjNsLTIuMTUgMi4xNWExNi43MzIgMTYuNzMyIDAgMCAwLTQuOS0yLjdDMjggNy4zMTcgMjYuMDY3IDcgMjQgN2MtNC44MzMgMC04Ljg3NSAxLjYyNS0xMi4xMjUgNC44NzVTNyAxOS4xNjcgNyAyNHMxLjYyNSA4Ljg3NSA0Ljg3NSAxMi4xMjVTMTkuMTY3IDQxIDI0IDQxczguODc1LTEuNjI1IDEyLjEyNS00Ljg3NVM0MSAyOC44MzMgNDEgMjRjMC0xLS4wNzUtMS45NzUtLjIyNS0yLjkyNS0uMTUtLjk1LS4zNzUtMS44NzUtLjY3NS0yLjc3NWwyLjMtMi4zYTE5LjEyMiAxOS4xMjIgMCAwIDEgMS4yIDMuODVjLjI2NyAxLjMzMy40IDIuNzE3LjQgNC4xNSAwIDIuODMzLS41MTcgNS40NjctMS41NSA3LjktMS4wMzMgMi40MzMtMi40NSA0LjU1LTQuMjUgNi4zNS0xLjggMS44LTMuOTE3IDMuMjA4LTYuMzUgNC4yMjVDMjkuNDE3IDQzLjQ5MiAyNi44IDQ0IDI0IDQ0Wm0tMi45NS0xMC45LTguMjUtOC4zIDIuMjUtMi4yNSA2IDYgMjAuNy0yMC43IDIuMyAyLjI1LTIzIDIzWiIvPjwvZz48L3N2Zz4=\" alt=\"\" style=\"object-fit:cover;width:32px;height:32px\"\/><\/figure>\n\n\n\n<div class=\"wp-block-group wp-container-content-958eb9dc has-global-padding is-layout-constrained wp-block-group-is-layout-constrained\">\n<h3 class=\"wp-block-heading\" style=\"font-size:clamp(14px, 0.875rem + ((1vw - 3.2px) * 0.588), 20px);line-height:1.5\">Kurse der Extraklasse<\/h3>\n\n\n\n<p class=\"has-small-font-size\" style=\"margin-top:4px\">Mit unserer Erfahrung in der Ausbildung und autorisierten Instruktoren k\u00f6nnen wir stolz einige der besten Paddelkurse Stockholms anbieten. <\/p>\n\n\n\n<p><a href=\"https:\/\/lekmer.nu\/kurser\/\" data-type=\"page\" data-id=\"20\">Mehr \u00fcber unsere Kurse<\/a><\/p>\n<\/div>\n<\/div>\n\n\n\n<div class=\"wp-block-group is-nowrap is-layout-flex wp-container-core-group-is-layout-501511a6 wp-block-group-is-layout-flex\">\n<figure class=\"wp-block-image size-large is-resized ext-aspect-landscape wp-duotone-varpresetduotoneprimary-foreground-4\"><img decoding=\"async\" src=\"data:image\/svg+xml;base64,PHN2ZyB4bWxucz0iaHR0cDovL3d3dy53My5vcmcvMjAwMC9zdmciIHdpZHRoPSI0OCIgaGVpZ2h0PSI0OCIgZmlsbD0ibm9uZSIgdmlld0JveD0iMCAwIDQ4IDQ4Ij48bWFzayBpZD0iYSIgd2lkdGg9IjQ4IiBoZWlnaHQ9IjQ4IiB4PSIwIiB5PSIwIiBtYXNrVW5pdHM9InVzZXJTcGFjZU9uVXNlIiBzdHlsZT0ibWFzay10eXBlOmFscGhhIj48cGF0aCBmaWxsPSIjRDlEOUQ5IiBkPSJNMCAwaDQ4djQ4SDB6Ii8+PC9tYXNrPjxnIG1hc2s9InVybCgjYSkiPjxwYXRoIGZpbGw9IiMxQzFCMUYiIGQ9Ik0yNCA0NGMtMi44MzMgMC01LjQ2Ny0uNTA4LTcuOS0xLjUyNS0yLjQzMy0xLjAxNy00LjU1LTIuNDI1LTYuMzUtNC4yMjUtMS44LTEuOC0zLjIwOC0zLjkxNy00LjIyNS02LjM1QzQuNTA4IDI5LjQ2NyA0IDI2LjgzMyA0IDI0YzAtMi44LjUwOC01LjQxNyAxLjUyNS03Ljg1UzcuOTUgMTEuNiA5Ljc1IDkuOGMxLjgtMS44IDMuOTE3LTMuMjE3IDYuMzUtNC4yNVMyMS4xNjcgNCAyNCA0YzIuNSAwIDQuODMzLjQgNyAxLjIgMi4xNjcuOCA0LjExNyAxLjkgNS44NSAzLjNsLTIuMTUgMi4xNWExNi43MzIgMTYuNzMyIDAgMCAwLTQuOS0yLjdDMjggNy4zMTcgMjYuMDY3IDcgMjQgN2MtNC44MzMgMC04Ljg3NSAxLjYyNS0xMi4xMjUgNC44NzVTNyAxOS4xNjcgNyAyNHMxLjYyNSA4Ljg3NSA0Ljg3NSAxMi4xMjVTMTkuMTY3IDQxIDI0IDQxczguODc1LTEuNjI1IDEyLjEyNS00Ljg3NVM0MSAyOC44MzMgNDEgMjRjMC0xLS4wNzUtMS45NzUtLjIyNS0yLjkyNS0uMTUtLjk1LS4zNzUtMS44NzUtLjY3NS0yLjc3NWwyLjMtMi4zYTE5LjEyMiAxOS4xMjIgMCAwIDEgMS4yIDMuODVjLjI2NyAxLjMzMy40IDIuNzE3LjQgNC4xNSAwIDIuODMzLS41MTcgNS40NjctMS41NSA3LjktMS4wMzMgMi40MzMtMi40NSA0LjU1LTQuMjUgNi4zNS0xLjggMS44LTMuOTE3IDMuMjA4LTYuMzUgNC4yMjVDMjkuNDE3IDQzLjQ5MiAyNi44IDQ0IDI0IDQ0Wm0tMi45NS0xMC45LTguMjUtOC4zIDIuMjUtMi4yNSA2IDYgMjAuNy0yMC43IDIuMyAyLjI1LTIzIDIzWiIvPjwvZz48L3N2Zz4=\" alt=\"\" style=\"object-fit:cover;width:32px;height:32px\"\/><\/figure>\n\n\n\n<div class=\"wp-block-group wp-container-content-958eb9dc has-global-padding is-layout-constrained wp-block-group-is-layout-constrained\">\n<h3 class=\"wp-block-heading\" style=\"font-size:clamp(14px, 0.875rem + ((1vw - 3.2px) * 0.588), 20px);line-height:1.5\">Expertise und Leidenschaft f\u00fcrs Paddeln<\/h3>\n\n\n\n<p class=\"has-small-font-size\" style=\"margin-top:4px\">Mit bald 15 Jahren Erfahrung im Unterrichten und Arbeiten rund ums Paddeln k\u00f6nnen wir garantieren, dass wir alles tun, um dir das bestm\u00f6gliche Erlebnis auf dem Wasser zu bieten.<\/p>\n\n\n\n<p><a href=\"https:\/\/lekmer.nu\/de\/ueber\/\" data-type=\"page\" data-id=\"18\">\u00dcber uns<\/a><\/p>\n<\/div>\n<\/div>\n<\/div>\n\n\n\n<div class=\"wp-block-column is-layout-flow wp-block-column-is-layout-flow\" style=\"flex-basis:50%\">\n<div class=\"wp-block-cover is-light\" style=\"min-height:100%;aspect-ratio:unset;\"><span aria-hidden=\"true\" class=\"wp-block-cover__background has-background-dim-0 has-background-dim\" style=\"background-color:#7c92a2\"><\/span><img loading=\"lazy\" decoding=\"async\" width=\"982\" height=\"1440\" class=\"wp-block-cover__image-background wp-image-639\" alt=\"personer som paddlar kajak p\u00e5 riddarfj\u00e4rden i Stockholm\" src=\"https:\/\/lekmer.nu\/wp-content\/uploads\/2024\/10\/Kajak-9762-1.jpg\" style=\"object-position:50% 55%\" data-object-fit=\"cover\" data-object-position=\"50% 55%\" srcset=\"https:\/\/lekmer.nu\/wp-content\/uploads\/2024\/10\/Kajak-9762-1.jpg 982w, https:\/\/lekmer.nu\/wp-content\/uploads\/2024\/10\/Kajak-9762-1-205x300.jpg 205w, https:\/\/lekmer.nu\/wp-content\/uploads\/2024\/10\/Kajak-9762-1-698x1024.jpg 698w, https:\/\/lekmer.nu\/wp-content\/uploads\/2024\/10\/Kajak-9762-1-102x150.jpg 102w, https:\/\/lekmer.nu\/wp-content\/uploads\/2024\/10\/Kajak-9762-1-768x1126.jpg 768w\" sizes=\"auto, (max-width: 982px) 100vw, 982px\" \/><div class=\"wp-block-cover__inner-container is-layout-flow wp-block-cover-is-layout-flow\">\n<div style=\"height:380px\" aria-hidden=\"true\" class=\"wp-block-spacer\"><\/div>\n<\/div><\/div>\n<\/div>\n<\/div>\n<\/div>\n","protected":false},"excerpt":{"rendered":"<p>Werde Teil unseres Teams Bei Lek Mer Kajak &amp; SUP streben wir danach, unvergessliche Erlebnisse auf dem Wasser zu schaffen, bei denen jede Paddeltour eine Gelegenheit ist, die Sch\u00f6nheit der Stadt zu entdecken und sich weiterzuentwickeln. Wir glauben daran, eine nachhaltige und sichere Paddelkultur zu f\u00f6rdern, bei der Respekt f\u00fcr die Umwelt und f\u00fcreinander im [&hellip;]<\/p>\n","protected":false},"author":1,"featured_media":0,"parent":0,"menu_order":0,"comment_status":"closed","ping_status":"closed","template":"","meta":{"footnotes":""},"class_list":["post-2051","page","type-page","status-publish","hentry"],"_links":{"self":[{"href":"https:\/\/lekmer.nu\/de\/wp-json\/wp\/v2\/pages\/2051","targetHints":{"allow":["GET"]}}],"collection":[{"href":"https:\/\/lekmer.nu\/de\/wp-json\/wp\/v2\/pages"}],"about":[{"href":"https:\/\/lekmer.nu\/de\/wp-json\/wp\/v2\/types\/page"}],"author":[{"embeddable":true,"href":"https:\/\/lekmer.nu\/de\/wp-json\/wp\/v2\/users\/1"}],"replies":[{"embeddable":true,"href":"https:\/\/lekmer.nu\/de\/wp-json\/wp\/v2\/comments?post=2051"}],"version-history":[{"count":2,"href":"https:\/\/lekmer.nu\/de\/wp-json\/wp\/v2\/pages\/2051\/revisions"}],"predecessor-version":[{"id":2123,"href":"https:\/\/lekmer.nu\/de\/wp-json\/wp\/v2\/pages\/2051\/revisions\/2123"}],"wp:attachment":[{"href":"https:\/\/lekmer.nu\/de\/wp-json\/wp\/v2\/media?parent=2051"}],"curies":[{"name":"wp","href":"https:\/\/api.w.org\/{rel}","templated":true}]}}