{"id":2064,"date":"2025-03-11T12:21:08","date_gmt":"2025-03-11T11:21:08","guid":{"rendered":"https:\/\/lekmer.nu\/paddeln-in-stockholm-3-touren-die-du-nicht-verpassen-darfst\/"},"modified":"2026-02-24T21:53:38","modified_gmt":"2026-02-24T20:53:38","slug":"paddeln-in-stockholm-3-touren-die-du-nicht-verpassen-darfst","status":"publish","type":"page","link":"https:\/\/lekmer.nu\/de\/paddeln-in-stockholm-3-touren-die-du-nicht-verpassen-darfst\/","title":{"rendered":"Paddeln in Stockholm \u2013 3 Touren, die du nicht verpassen darfst!"},"content":{"rendered":"\n<div class=\"wp-block-cover alignfull\"><img loading=\"lazy\" decoding=\"async\" width=\"2048\" height=\"1365\" class=\"wp-block-cover__image-background wp-image-1221\" alt=\"Personer som paddlar i Stockholm. tv\u00e5 paddlar kajak, en paddlar SUP med Stadshuset som bakgrund en vacker sommardag.\" src=\"https:\/\/lekmer.nu\/wp-content\/uploads\/2025\/03\/Lisas-foto-jpg.jpg\" style=\"object-position:55% 65%\" data-object-fit=\"cover\" data-object-position=\"55% 65%\" srcset=\"https:\/\/lekmer.nu\/wp-content\/uploads\/2025\/03\/Lisas-foto-jpg.jpg 2048w, https:\/\/lekmer.nu\/wp-content\/uploads\/2025\/03\/Lisas-foto-jpg-300x200.jpg 300w, https:\/\/lekmer.nu\/wp-content\/uploads\/2025\/03\/Lisas-foto-jpg-1024x683.jpg 1024w, https:\/\/lekmer.nu\/wp-content\/uploads\/2025\/03\/Lisas-foto-jpg-150x100.jpg 150w, https:\/\/lekmer.nu\/wp-content\/uploads\/2025\/03\/Lisas-foto-jpg-768x512.jpg 768w, https:\/\/lekmer.nu\/wp-content\/uploads\/2025\/03\/Lisas-foto-jpg-1536x1024.jpg 1536w\" sizes=\"auto, (max-width: 2048px) 100vw, 2048px\" \/><span aria-hidden=\"true\" class=\"wp-block-cover__background has-foreground-alt-background-color has-background-dim-20 has-background-dim\"><\/span><div class=\"wp-block-cover__inner-container has-global-padding is-layout-constrained wp-block-cover-is-layout-constrained\">\n<h1 class=\"wp-block-heading has-text-align-center has-background-color has-text-color has-link-color has-xx-large-font-size wp-elements-615b263f0ed987ec3139ce64604a5cc7\">PADDELN IN STOCKHOLM<br\/>Ein einzigartiges Erlebnis<\/h1>\n\n\n\n<div class=\"wp-block-buttons is-content-justification-center is-layout-flex wp-container-core-buttons-is-layout-a89b3969 wp-block-buttons-is-layout-flex\">\n<div class=\"wp-block-button\"><a class=\"wp-block-button__link wp-element-button\" href=\"https:\/\/fareharbor.com\/embeds\/book\/lekmer\/?full-items=yes\" target=\"_blank\" rel=\"noopener\">BUCHE DEINE PADDELTOUR NOCH HEUTE<\/a><\/div>\n<\/div>\n<\/div><\/div>\n\n<div class=\"wp-block-group alignwide is-layout-flow wp-block-group-is-layout-flow\">\n<h2 class=\"wp-block-heading has-medium-font-size\">Stockholm \u2013 eine Stadt auf dem Wasser<\/h2>\n\n\n\n<p>Stockholm ist als \u201eVenedig des Nordens\u201c bekannt, und es ist nicht schwer zu verstehen, warum. Mit seinem wundersch\u00f6nen Sch\u00e4rengarten und einem Stadtzentrum, das auf 14 Inseln erbaut wurde, ist Stockholm eine Stadt, die wie geschaffen daf\u00fcr ist, vom Wasser aus erlebt zu werden.  <\/p>\n\n\n\n<h2 class=\"wp-block-heading has-medium-font-size\">Paddeln in Stockholm \u2013 ein Erlebnis f\u00fcr alle<\/h2>\n\n\n\n<p>Egal, ob du ein erfahrener Paddler oder Anf\u00e4nger bist, es gibt eine Tour in Stockholm, die zu dir passt. Es gibt mehrere Unternehmen, die <a href=\"https:\/\/lekmer.nu\/de\/kajakverleih-stockholm\/\" data-type=\"page\" data-id=\"24\">Kajaks vermieten<\/a> und <a href=\"https:\/\/lekmer.nu\/de\/gefuehrte-touren\/\" data-type=\"page\" data-id=\"825\">gef\u00fchrte Touren<\/a> anbieten, zum Beispiel unsere beiden zertifizierten Kanuverleihstationen <strong><a href=\"https:\/\/lekmer.nu\/de\/eden-kajak-sup\/\" data-type=\"page\" data-id=\"249\">Eden Kajak &amp; SUP<\/a><\/strong> und <strong><a href=\"https:\/\/lekmer.nu\/de\/pampas-kajak-sup\/\" data-type=\"page\" data-id=\"99\">Pampas Kajak &amp; SUP<\/a><\/strong>. <\/p>\n\n\n\n<h3 class=\"wp-block-heading has-medium-font-size\">Beliebte Kajaktouren in Stockholm<\/h3>\n\n\n\n<p>Hier sind einige Vorschl\u00e4ge f\u00fcr beliebte Kajaktouren in Stockholm:<\/p>\n\n\n\n<ul class=\"wp-block-list\">\n<li><strong><a href=\"https:\/\/lekmer.nu\/turtips\/kungsholmen-runt\/\" data-type=\"post\" data-id=\"874\">Rund um Kungsholmen<\/a>:<\/strong> Eine Tour von ca. 10 km, die etwa zwei Stunden zum Paddeln dauert. Die Tour f\u00fchrt durch den Karlbergskanal und bietet eine sch\u00f6ne Aussicht auf Kungsholmen und Riddarfj\u00e4rden. <\/li>\n\n\n\n<li><strong>Von Pampas zum Rathaus:<\/strong> Eine k\u00fcrzere Tour von etwa 6 km, die ca. 1,5\u20132 Stunden zum Paddeln dauert. Die Tour f\u00fchrt durch den Karlbergskanal und bietet eine sch\u00f6ne Aussicht auf Schloss Karlberg und das Rathaus. <\/li>\n\n\n\n<li><strong><a href=\"https:\/\/lekmer.nu\/de\/tipps-fur-reisen\/paddeln-um-langholmen-und-reimersholmen\/\" data-type=\"post\" data-id=\"1209\">L\u00e5ngholmen<\/a>:<\/strong> Eine Tour von ca. 4\u20135 km, die etwa 1,5 Stunden dauert. Die Tour f\u00fchrt rund um L\u00e5ngholmen und bietet sch\u00f6ne Natur und gesch\u00fctzte Kan\u00e4le. <\/li>\n<\/ul>\n\n\n\n<p><strong>Tipps zum Kajakfahren in Stockholm<\/strong><\/p>\n\n\n\n<div class=\"wp-block-group is-layout-flow wp-block-group-is-layout-flow\">\n<ul class=\"wp-block-list\">\n<li><strong>Buche dein <a href=\"https:\/\/lekmer.nu\/de\/kajakverleih-stockholm\/\" data-type=\"page\" data-id=\"24\">Kajak<\/a> &amp; <a href=\"https:\/\/lekmer.nu\/de\/sup-stockholm-mieten\/\" data-type=\"page\" data-id=\"210\">SUP<\/a> im Voraus<\/strong>, besonders w\u00e4hrend der Hochsaison. <\/li>\n\n\n\n<li><strong><a href=\"https:\/\/www.smhi.se\/vader\/prognoser-och-varningar\/vaderprognos\/q\/Stockholm\/2673730\" target=\"_blank\" data-type=\"link\" data-id=\"https:\/\/www.smhi.se\/vader\/prognoser-och-varningar\/vaderprognos\/q\/Stockholm\/2673730\" rel=\"noreferrer noopener\">Pr\u00fcfe den Wetterbericht<\/a><\/strong>, bevor du aufbrichst. <\/li>\n\n\n\n<li><strong>Nimm Wasser und Snacks mit<\/strong>. <\/li>\n\n\n\n<li><strong>Benutze Sonnencreme und trage eine Kappe<\/strong>, wenn es sonnig ist. <\/li>\n\n\n\n<li><strong>Paddle in einem Tempo, das f\u00fcr dich angenehm ist<\/strong>. <\/li>\n\n\n\n<li><strong>Genie\u00dfe das Erlebnis!<\/strong><\/li>\n<\/ul>\n<\/div>\n<\/div>\n\n<div class=\"wp-block-group alignwide is-layout-flow wp-block-group-is-layout-flow\">\n<h2 class=\"wp-block-heading has-large-font-size\">Karte unserer Standorte und empfohlenen Touren<\/h2>\n\n\n\n<div style=\"position: relative; width: 100%; height: 0; padding-bottom: 70%\">\n  <div style=\"position: absolute; top: 0; left: 0; width: 100%; height: 100%;\" data-naturkartan-query=\"site=136792,136803,136796,136797,141203\" data-naturkartan-preselected-site-fit=\"false\" data-naturkartan-menu=\"SitesList\" data-naturkartan-scroll-zoom=\"true\" data-naturkartan-quick-categories=\"237,37\" data-naturkartan-importance-control=\"false\" data-naturkartan-a11y-control=\"false\"><\/div>\n  <script src=\"https:\/\/map.naturkartan.se\/embed.js\" defer=\"defer\"><\/script>\n<\/div>\n<\/div>\n\n<h2 class=\"wp-block-heading has-large-font-size\">Lies hier mehr \u00fcber die Touren:<\/h2>\n\n<div class=\"wp-block-group is-layout-flow wp-block-group-is-layout-flow\" style=\"padding-top:30px;padding-right:30px;padding-bottom:30px;padding-left:30px\">\n<div class=\"wp-block-columns is-layout-flex wp-container-core-columns-is-layout-28f84493 wp-block-columns-is-layout-flex\">\n<div class=\"wp-block-column is-layout-flow wp-block-column-is-layout-flow\" style=\"flex-basis:100%\">\n<div class=\"wp-block-query is-layout-flow wp-block-query-is-layout-flow\"><ul class=\"wp-block-post-template is-layout-flow wp-block-post-template-is-layout-flow\"><li class=\"wp-block-post post-1376 post type-post status-publish format-standard has-post-thumbnail hentry category-tipps-fur-reisen tag-long-island tag-reimersholme-de\">\n<figure class=\"wp-block-post-featured-image\"><a href=\"https:\/\/lekmer.nu\/de\/tipps-fur-reisen\/paddeln-um-langholmen-und-reimersholmen\/\" target=\"_self\"><img loading=\"lazy\" decoding=\"async\" width=\"1200\" height=\"848\" src=\"https:\/\/lekmer.nu\/wp-content\/uploads\/2025\/03\/karta-langholmen-runt-jpg.avif\" class=\"attachment-post-thumbnail size-post-thumbnail wp-post-image\" alt=\"Paddeln um L\u00e5ngholmen und Reimersholmen\" style=\"object-fit:cover;\" srcset=\"https:\/\/lekmer.nu\/wp-content\/uploads\/2025\/03\/karta-langholmen-runt-jpg.avif 1200w, https:\/\/lekmer.nu\/wp-content\/uploads\/2025\/03\/karta-langholmen-runt-300x212-jpg.avif 300w, https:\/\/lekmer.nu\/wp-content\/uploads\/2025\/03\/karta-langholmen-runt-1024x724-jpg.avif 1024w, https:\/\/lekmer.nu\/wp-content\/uploads\/2025\/03\/karta-langholmen-runt-150x106-jpg.avif 150w, https:\/\/lekmer.nu\/wp-content\/uploads\/2025\/03\/karta-langholmen-runt-768x543-jpg.avif 768w\" sizes=\"auto, (max-width: 1200px) 100vw, 1200px\" \/><\/a><\/figure>\n\n<h2 class=\"wp-block-post-title\"><a href=\"https:\/\/lekmer.nu\/de\/tipps-fur-reisen\/paddeln-um-langholmen-und-reimersholmen\/\" target=\"_self\">Paddeln um L\u00e5ngholmen und Reimersholmen<\/a><\/h2>\n\n\n<div style=\"height:0px\" aria-hidden=\"true\" class=\"wp-block-spacer\"><\/div>\n\n<\/li><\/ul><\/div>\n<\/div>\n<\/div>\n<\/div>\n","protected":false},"excerpt":{"rendered":"<p>Stockholm \u2013 eine Stadt auf dem Wasser Stockholm ist als \u201eVenedig des Nordens\u201c bekannt, und es ist nicht schwer zu verstehen, warum. Mit seinem wundersch\u00f6nen Sch\u00e4rengarten und einem Stadtzentrum, das auf 14 Inseln erbaut wurde, ist Stockholm eine Stadt, die wie geschaffen daf\u00fcr ist, vom Wasser aus erlebt zu werden. Paddeln in Stockholm \u2013 ein [&hellip;]<\/p>\n","protected":false},"author":1,"featured_media":0,"parent":0,"menu_order":0,"comment_status":"closed","ping_status":"closed","template":"","meta":{"footnotes":""},"class_list":["post-2064","page","type-page","status-publish","hentry"],"_links":{"self":[{"href":"https:\/\/lekmer.nu\/de\/wp-json\/wp\/v2\/pages\/2064","targetHints":{"allow":["GET"]}}],"collection":[{"href":"https:\/\/lekmer.nu\/de\/wp-json\/wp\/v2\/pages"}],"about":[{"href":"https:\/\/lekmer.nu\/de\/wp-json\/wp\/v2\/types\/page"}],"author":[{"embeddable":true,"href":"https:\/\/lekmer.nu\/de\/wp-json\/wp\/v2\/users\/1"}],"replies":[{"embeddable":true,"href":"https:\/\/lekmer.nu\/de\/wp-json\/wp\/v2\/comments?post=2064"}],"version-history":[{"count":4,"href":"https:\/\/lekmer.nu\/de\/wp-json\/wp\/v2\/pages\/2064\/revisions"}],"predecessor-version":[{"id":2176,"href":"https:\/\/lekmer.nu\/de\/wp-json\/wp\/v2\/pages\/2064\/revisions\/2176"}],"wp:attachment":[{"href":"https:\/\/lekmer.nu\/de\/wp-json\/wp\/v2\/media?parent=2064"}],"curies":[{"name":"wp","href":"https:\/\/api.w.org\/{rel}","templated":true}]}}