{"id":2077,"date":"2025-02-18T14:45:57","date_gmt":"2025-02-18T13:45:57","guid":{"rendered":"https:\/\/lekmer.nu\/wissensbank\/"},"modified":"2026-02-24T21:28:05","modified_gmt":"2026-02-24T20:28:05","slug":"wissensbank","status":"publish","type":"page","link":"https:\/\/lekmer.nu\/de\/wissensbank\/","title":{"rendered":"Wissensbank"},"content":{"rendered":"\n<div class=\"wp-block-cover alignfull\"><img loading=\"lazy\" decoding=\"async\" width=\"1600\" height=\"835\" class=\"wp-block-cover__image-background wp-image-1181\" alt=\"2 kajaker som paddlas i v\u00e5gor\" src=\"https:\/\/lekmer.nu\/wp-content\/uploads\/2025\/02\/Kunskapsbank-omslag.jpg\" style=\"object-position:71% 50%\" data-object-fit=\"cover\" data-object-position=\"71% 50%\" srcset=\"https:\/\/lekmer.nu\/wp-content\/uploads\/2025\/02\/Kunskapsbank-omslag.jpg 1600w, https:\/\/lekmer.nu\/wp-content\/uploads\/2025\/02\/Kunskapsbank-omslag-300x157.jpg 300w, https:\/\/lekmer.nu\/wp-content\/uploads\/2025\/02\/Kunskapsbank-omslag-1024x534.jpg 1024w, https:\/\/lekmer.nu\/wp-content\/uploads\/2025\/02\/Kunskapsbank-omslag-150x78.jpg 150w, https:\/\/lekmer.nu\/wp-content\/uploads\/2025\/02\/Kunskapsbank-omslag-768x401.jpg 768w, https:\/\/lekmer.nu\/wp-content\/uploads\/2025\/02\/Kunskapsbank-omslag-1536x802.jpg 1536w\" sizes=\"auto, (max-width: 1600px) 100vw, 1600px\" \/><span aria-hidden=\"true\" class=\"wp-block-cover__background has-contrast-background-color has-background-dim\"><\/span><div class=\"wp-block-cover__inner-container has-global-padding is-layout-constrained wp-block-cover-is-layout-constrained\">\n<h2 class=\"wp-block-heading has-text-align-left has-xx-large-font-size\">WISSENSDATENBANK<\/h2>\n\n\n\n<h4 class=\"wp-block-heading has-medium-font-size\">Lerne mehr &amp; werde ein besserer Paddler<\/h4>\n<\/div><\/div>\n\n<p>Willkommen in der Wissensdatenbank von LEK MER \u2013 deinem Leitfaden f\u00fcr sicheres und unterhaltsames Paddeln! Hier findest du alles von Anf\u00e4ngertipps bis hin zu fortgeschrittenen Techniken, mit Fokus auf Sicherheit und Nachhaltigkeit. <\/p>\n\n<h2 class=\"wp-block-heading\">Lernvideos<\/h2>\n\n<p>Willkommen in unserer Videobibliothek, hier sammeln wir inspirierende und lehrreiche Videos f\u00fcr Paddler aller Niveaus. Hier findest du detaillierte Anleitungsvideos, die dir helfen, deine Paddeltechnik zu verbessern, wichtige Sicherheitsroutinen zu verstehen und zu entdecken, wie du ein besserer Paddler werden kannst. Egal, ob du Anf\u00e4nger bist und die Grundlagen lernen m\u00f6chtest oder ein erfahrener Paddler, der neue Herausforderungen sucht \u2013 wir haben etwas f\u00fcr dich. Erkunde unsere Playlists und hole das Beste aus deinem Paddelerlebnis heraus!   <\/p>\n\n<div class=\"wp-block-cover is-light\" style=\"border-radius:15px;padding-right:var(--wp--preset--spacing--40);padding-left:var(--wp--preset--spacing--40);box-shadow:var(--wp--preset--shadow--natural)\"><img loading=\"lazy\" decoding=\"async\" width=\"800\" height=\"533\" class=\"wp-block-cover__image-background wp-image-1044\" alt=\"Person som hyr kajak f\u00e5r hj\u00e4lp\" src=\"https:\/\/lekmer.nu\/wp-content\/uploads\/2024\/12\/Lao-Melina.jpg\" style=\"object-position:31% 32%\" data-object-fit=\"cover\" data-object-position=\"31% 32%\" srcset=\"https:\/\/lekmer.nu\/wp-content\/uploads\/2024\/12\/Lao-Melina.jpg 800w, https:\/\/lekmer.nu\/wp-content\/uploads\/2024\/12\/Lao-Melina-300x200.jpg 300w, https:\/\/lekmer.nu\/wp-content\/uploads\/2024\/12\/Lao-Melina-150x100.jpg 150w, https:\/\/lekmer.nu\/wp-content\/uploads\/2024\/12\/Lao-Melina-768x512.jpg 768w\" sizes=\"auto, (max-width: 800px) 100vw, 800px\" \/><span aria-hidden=\"true\" class=\"wp-block-cover__background has-background-dim\" style=\"background-color:#9ca2ae\"><\/span><div class=\"wp-block-cover__inner-container has-global-padding is-layout-constrained wp-container-core-cover-is-layout-97829e9f wp-block-cover-is-layout-constrained\">\n<h2 class=\"wp-block-heading has-text-align-left has-base-color has-text-color has-link-color has-xx-large-font-size wp-elements-c19e7f66f4a4a9928ed3c275cdf91efa\">Vor deiner Paddeltour<\/h2>\n\n\n\n<div class=\"wp-block-buttons is-content-justification-left is-layout-flex wp-container-core-buttons-is-layout-fc4fd283 wp-block-buttons-is-layout-flex\">\n<div class=\"wp-block-button\"><a class=\"wp-block-button__link wp-element-button\" href=\"https:\/\/www.youtube.com\/playlist?list=PLm3jY5XATSex3uvQX_9DUgNrnCrNTE9GR\" target=\"_blank\" rel=\"noreferrer noopener\">Vorbereitende Videos, bevor du bei uns paddelst<\/a><\/div>\n<\/div>\n<\/div><\/div>\n\n<div class=\"wp-block-cover\" style=\"border-radius:15px;padding-right:var(--wp--preset--spacing--40);padding-left:var(--wp--preset--spacing--40);box-shadow:var(--wp--preset--shadow--natural)\"><img loading=\"lazy\" decoding=\"async\" width=\"800\" height=\"533\" class=\"wp-block-cover__image-background wp-image-1183\" alt=\"\" src=\"https:\/\/lekmer.nu\/wp-content\/uploads\/2025\/02\/Emil-portratt.jpg\" style=\"object-position:51% 100%\" data-object-fit=\"cover\" data-object-position=\"51% 100%\" srcset=\"https:\/\/lekmer.nu\/wp-content\/uploads\/2025\/02\/Emil-portratt.jpg 800w, https:\/\/lekmer.nu\/wp-content\/uploads\/2025\/02\/Emil-portratt-300x200.jpg 300w, https:\/\/lekmer.nu\/wp-content\/uploads\/2025\/02\/Emil-portratt-150x100.jpg 150w, https:\/\/lekmer.nu\/wp-content\/uploads\/2025\/02\/Emil-portratt-768x512.jpg 768w\" sizes=\"auto, (max-width: 800px) 100vw, 800px\" \/><span aria-hidden=\"true\" class=\"wp-block-cover__background has-background-dim\" style=\"background-color:#6e7c8e\"><\/span><div class=\"wp-block-cover__inner-container has-global-padding is-layout-constrained wp-container-core-cover-is-layout-97829e9f wp-block-cover-is-layout-constrained\">\n<h2 class=\"wp-block-heading has-text-align-left has-background-color has-text-color has-link-color has-xx-large-font-size wp-elements-2082e07b5d7555ed58187c03dbc9d55a\">Werde ein besserer Paddler<\/h2>\n\n\n\n<div class=\"wp-block-buttons is-content-justification-left is-layout-flex wp-container-core-buttons-is-layout-fc4fd283 wp-block-buttons-is-layout-flex\">\n<div class=\"wp-block-button\"><a class=\"wp-block-button__link wp-element-button\" href=\"https:\/\/www.youtube.com\/playlist?list=PLm3jY5XATSew6KLUumWSDw_lkkaNqoTYL\" target=\"_blank\" rel=\"noreferrer noopener\">Begleite Emil und entwickle dein Paddeln in unseren Videos<\/a><\/div>\n<\/div>\n<\/div><\/div>\n\n<hr class=\"wp-block-separator has-alpha-channel-opacity is-style-wide is-style-wide--1\"\/>\n\n<h2 class=\"wp-block-heading\">Wissensblog<\/h2>\n\n<div class=\"wp-block-query is-layout-flow wp-block-query-is-layout-flow\"><\/div>\n\n<div class=\"wp-block-cover alignfull is-light has-background-color has-text-color has-link-color wp-elements-ff179502d8bdb3cc9886e4f3ea5c997d\" style=\"margin-top:var(--wp--preset--spacing--20);margin-bottom:0\"><span aria-hidden=\"true\" class=\"wp-block-cover__background has-background-dim\" style=\"background-color:#828687\"><\/span><img loading=\"lazy\" decoding=\"async\" width=\"1440\" height=\"810\" class=\"wp-block-cover__image-background wp-image-746\" alt=\"2 glada personer i stockholms sk\u00e4rg\u00e5rd\" src=\"https:\/\/lekmer.nu\/wp-content\/uploads\/2024\/10\/Arholma-Landsort_1.150.1.jpg\" data-object-fit=\"cover\" srcset=\"https:\/\/lekmer.nu\/wp-content\/uploads\/2024\/10\/Arholma-Landsort_1.150.1.jpg 1440w, https:\/\/lekmer.nu\/wp-content\/uploads\/2024\/10\/Arholma-Landsort_1.150.1-300x169.jpg 300w, https:\/\/lekmer.nu\/wp-content\/uploads\/2024\/10\/Arholma-Landsort_1.150.1-1024x576.jpg 1024w, https:\/\/lekmer.nu\/wp-content\/uploads\/2024\/10\/Arholma-Landsort_1.150.1-150x84.jpg 150w, https:\/\/lekmer.nu\/wp-content\/uploads\/2024\/10\/Arholma-Landsort_1.150.1-768x432.jpg 768w\" sizes=\"auto, (max-width: 1440px) 100vw, 1440px\" \/><div class=\"wp-block-cover__inner-container has-global-padding is-layout-constrained wp-block-cover-is-layout-constrained\">\n<p class=\"has-text-align-left has-background-color has-text-color has-link-color has-large-font-size wp-elements-82eb713f0cd7b11955eed86ca8ecba8a\">Abonniere unseren Newsletter<\/p>\n\n\n\n\t\t\t<form id=\"sib_signup_form_2\" method=\"post\" class=\"sib_signup_form\">\n\t\t\t\t<div class=\"sib_loader\" style=\"display:none;\"><img\n\t\t\t\t\t\t\tsrc=\"https:\/\/lekmer.nu\/wp-includes\/images\/spinner.gif\" alt=\"loader\"><\/div>\n\t\t\t\t<input type=\"hidden\" name=\"sib_form_action\" value=\"subscribe_form_submit\">\n\t\t\t\t<input type=\"hidden\" name=\"sib_form_id\" value=\"2\">\n                <input type=\"hidden\" name=\"sib_form_alert_notice\" value=\"Please fill out this field\">\n                <input type=\"hidden\" name=\"sib_form_invalid_email_notice\" value=\"Your email address is invalid\">\n                <input type=\"hidden\" name=\"sib_security\" value=\"c14fa8001c\">\n\t\t\t\t<div class=\"sib_signup_box_inside_2\">\n\t\t\t\t\t<div style=\"\/*display:none*\/\" class=\"sib_msg_disp\">\n\t\t\t\t\t<\/div>\n                    \t\t\t\t\t<p class=\"sib-email-area\">\r\n    Epost*\r\n    <input type=\"email\" class=\"sib-email-area\" name=\"email\" required=\"required\">\r\n<\/p>\r\n<p>\r\n    <input type=\"submit\" class=\"sib-default-btn\" value=\"Subscribe\">\r\n<\/p>\r\n\t\t\t\t<\/div>\n\t\t\t<\/form>\n\t\t\t<style>\n\t\t\t\tform#sib_signup_form_2 p.sib-alert-message {\n    padding: 6px 12px;\n    margin-bottom: 20px;\n    border: 1px solid transparent;\n    border-radius: 4px;\n    -webkit-box-sizing: border-box;\n    -moz-box-sizing: border-box;\n    box-sizing: border-box;\n}\nform#sib_signup_form_2 p.sib-alert-message-error {\n    background-color: #f2dede;\n    border-color: #ebccd1;\n    color: #a94442;\n}\nform#sib_signup_form_2 p.sib-alert-message-success {\n    background-color: #dff0d8;\n    border-color: #d6e9c6;\n    color: #3c763d;\n}\nform#sib_signup_form_2 p.sib-alert-message-warning {\n    background-color: #fcf8e3;\n    border-color: #faebcc;\n    color: #8a6d3b;\n}\n\t\t\t<\/style>\n\t\t\t\n<\/div><\/div>\n\n<div class=\"wp-block-group alignfull has-background-background-color has-background has-global-padding is-layout-constrained wp-container-core-group-is-layout-fb85e995 wp-block-group-is-layout-constrained\" id=\"funktioner\" style=\"margin-top:0;margin-bottom:0;padding-top:var(--wp--preset--spacing--60);padding-right:var(--wp--preset--spacing--30);padding-bottom:var(--wp--preset--spacing--60);padding-left:var(--wp--preset--spacing--30)\">\n<div class=\"wp-block-group alignwide is-layout-flow wp-block-group-is-layout-flow\">\n<h2 class=\"wp-block-heading has-large-font-size\">Lek Mer \u2013 dein Partner rund ums Paddeln!<\/h2>\n\n\n\n<p style=\"margin-top:16px\">Unsere Mission ist es, Paddeln f\u00fcr alle zug\u00e4nglich und gleichzeitig richtig spa\u00dfig zu machen \u2013 mit Fokus auf Sicherheit, erstklassigen Service und kompetentes Personal. Mit unseren zentralen Standorten in Stockholm und einem breiten Angebot, von Verleih bis zu Kursen, sind wir die naheliegende Wahl f\u00fcrs Paddeln in Stockholm. Egal, ob du Anf\u00e4nger oder erfahrener Paddler bist: Wir sind da, um deine Paddeltr\u00e4ume wahr zu machen.  <\/p>\n<\/div>\n\n\n\n<div class=\"wp-block-columns alignwide is-layout-flex wp-container-core-columns-is-layout-08c01c1c wp-block-columns-is-layout-flex\">\n<div class=\"wp-block-column is-layout-flow wp-block-column-is-layout-flow\" style=\"padding-top:var(--wp--preset--spacing--30);padding-bottom:var(--wp--preset--spacing--30);flex-basis:50%\">\n<div class=\"wp-block-group is-nowrap is-layout-flex wp-container-core-group-is-layout-501511a6 wp-block-group-is-layout-flex\">\n<figure class=\"wp-block-image size-large is-resized ext-aspect-landscape wp-duotone-varpresetduotoneprimary-foreground-2\"><img decoding=\"async\" src=\"data:image\/svg+xml;base64,PHN2ZyB4bWxucz0iaHR0cDovL3d3dy53My5vcmcvMjAwMC9zdmciIHdpZHRoPSI0OCIgaGVpZ2h0PSI0OCIgZmlsbD0ibm9uZSIgdmlld0JveD0iMCAwIDQ4IDQ4Ij48bWFzayBpZD0iYSIgd2lkdGg9IjQ4IiBoZWlnaHQ9IjQ4IiB4PSIwIiB5PSIwIiBtYXNrVW5pdHM9InVzZXJTcGFjZU9uVXNlIiBzdHlsZT0ibWFzay10eXBlOmFscGhhIj48cGF0aCBmaWxsPSIjRDlEOUQ5IiBkPSJNMCAwaDQ4djQ4SDB6Ii8+PC9tYXNrPjxnIG1hc2s9InVybCgjYSkiPjxwYXRoIGZpbGw9IiMxQzFCMUYiIGQ9Ik0yNCA0NGMtMi44MzMgMC01LjQ2Ny0uNTA4LTcuOS0xLjUyNS0yLjQzMy0xLjAxNy00LjU1LTIuNDI1LTYuMzUtNC4yMjUtMS44LTEuOC0zLjIwOC0zLjkxNy00LjIyNS02LjM1QzQuNTA4IDI5LjQ2NyA0IDI2LjgzMyA0IDI0YzAtMi44LjUwOC01LjQxNyAxLjUyNS03Ljg1UzcuOTUgMTEuNiA5Ljc1IDkuOGMxLjgtMS44IDMuOTE3LTMuMjE3IDYuMzUtNC4yNVMyMS4xNjcgNCAyNCA0YzIuNSAwIDQuODMzLjQgNyAxLjIgMi4xNjcuOCA0LjExNyAxLjkgNS44NSAzLjNsLTIuMTUgMi4xNWExNi43MzIgMTYuNzMyIDAgMCAwLTQuOS0yLjdDMjggNy4zMTcgMjYuMDY3IDcgMjQgN2MtNC44MzMgMC04Ljg3NSAxLjYyNS0xMi4xMjUgNC44NzVTNyAxOS4xNjcgNyAyNHMxLjYyNSA4Ljg3NSA0Ljg3NSAxMi4xMjVTMTkuMTY3IDQxIDI0IDQxczguODc1LTEuNjI1IDEyLjEyNS00Ljg3NVM0MSAyOC44MzMgNDEgMjRjMC0xLS4wNzUtMS45NzUtLjIyNS0yLjkyNS0uMTUtLjk1LS4zNzUtMS44NzUtLjY3NS0yLjc3NWwyLjMtMi4zYTE5LjEyMiAxOS4xMjIgMCAwIDEgMS4yIDMuODVjLjI2NyAxLjMzMy40IDIuNzE3LjQgNC4xNSAwIDIuODMzLS41MTcgNS40NjctMS41NSA3LjktMS4wMzMgMi40MzMtMi40NSA0LjU1LTQuMjUgNi4zNS0xLjggMS44LTMuOTE3IDMuMjA4LTYuMzUgNC4yMjVDMjkuNDE3IDQzLjQ5MiAyNi44IDQ0IDI0IDQ0Wm0tMi45NS0xMC45LTguMjUtOC4zIDIuMjUtMi4yNSA2IDYgMjAuNy0yMC43IDIuMyAyLjI1LTIzIDIzWiIvPjwvZz48L3N2Zz4=\" alt=\"\" style=\"object-fit:cover;width:32px;height:32px\"\/><\/figure>\n\n\n\n<div class=\"wp-block-group wp-container-content-958eb9dc has-global-padding is-layout-constrained wp-block-group-is-layout-constrained\">\n<h3 class=\"wp-block-heading\" style=\"font-size:clamp(14px, 0.875rem + ((1vw - 3.2px) * 0.588), 20px);line-height:1.5\">Kajak- und SUP-Verleih<\/h3>\n\n\n\n<p class=\"has-small-font-size\" style=\"margin-top:4px\">Wir haben Ausr\u00fcstung, die f\u00fcr alle passt \u2013 egal, ob du Anf\u00e4nger oder Profi bist. Unsere Standorte im Zentrum von Stockholm sind der perfekte Ausgangspunkt, um das Venedig des Nordens vom Wasser aus zu erleben. <\/p>\n\n\n\n<div class=\"wp-block-group is-nowrap is-layout-flex wp-container-core-group-is-layout-6c531013 wp-block-group-is-layout-flex\">\n<p><a href=\"https:\/\/lekmer.nu\/de\/kajakverleih-stockholm\/\" data-type=\"page\" data-id=\"24\">Kajak mieten<\/a><\/p>\n\n\n\n<p><a href=\"https:\/\/lekmer.nu\/de\/sup-stockholm-mieten\/\" data-type=\"page\" data-id=\"210\">SUP mieten<\/a><\/p>\n<\/div>\n<\/div>\n<\/div>\n\n\n\n<div class=\"wp-block-group is-nowrap is-layout-flex wp-container-core-group-is-layout-501511a6 wp-block-group-is-layout-flex\">\n<figure class=\"wp-block-image size-large is-resized ext-aspect-landscape wp-duotone-varpresetduotoneprimary-foreground-3\"><img decoding=\"async\" src=\"data:image\/svg+xml;base64,PHN2ZyB4bWxucz0iaHR0cDovL3d3dy53My5vcmcvMjAwMC9zdmciIHdpZHRoPSI0OCIgaGVpZ2h0PSI0OCIgZmlsbD0ibm9uZSIgdmlld0JveD0iMCAwIDQ4IDQ4Ij48bWFzayBpZD0iYSIgd2lkdGg9IjQ4IiBoZWlnaHQ9IjQ4IiB4PSIwIiB5PSIwIiBtYXNrVW5pdHM9InVzZXJTcGFjZU9uVXNlIiBzdHlsZT0ibWFzay10eXBlOmFscGhhIj48cGF0aCBmaWxsPSIjRDlEOUQ5IiBkPSJNMCAwaDQ4djQ4SDB6Ii8+PC9tYXNrPjxnIG1hc2s9InVybCgjYSkiPjxwYXRoIGZpbGw9IiMxQzFCMUYiIGQ9Ik0yNCA0NGMtMi44MzMgMC01LjQ2Ny0uNTA4LTcuOS0xLjUyNS0yLjQzMy0xLjAxNy00LjU1LTIuNDI1LTYuMzUtNC4yMjUtMS44LTEuOC0zLjIwOC0zLjkxNy00LjIyNS02LjM1QzQuNTA4IDI5LjQ2NyA0IDI2LjgzMyA0IDI0YzAtMi44LjUwOC01LjQxNyAxLjUyNS03Ljg1UzcuOTUgMTEuNiA5Ljc1IDkuOGMxLjgtMS44IDMuOTE3LTMuMjE3IDYuMzUtNC4yNVMyMS4xNjcgNCAyNCA0YzIuNSAwIDQuODMzLjQgNyAxLjIgMi4xNjcuOCA0LjExNyAxLjkgNS44NSAzLjNsLTIuMTUgMi4xNWExNi43MzIgMTYuNzMyIDAgMCAwLTQuOS0yLjdDMjggNy4zMTcgMjYuMDY3IDcgMjQgN2MtNC44MzMgMC04Ljg3NSAxLjYyNS0xMi4xMjUgNC44NzVTNyAxOS4xNjcgNyAyNHMxLjYyNSA4Ljg3NSA0Ljg3NSAxMi4xMjVTMTkuMTY3IDQxIDI0IDQxczguODc1LTEuNjI1IDEyLjEyNS00Ljg3NVM0MSAyOC44MzMgNDEgMjRjMC0xLS4wNzUtMS45NzUtLjIyNS0yLjkyNS0uMTUtLjk1LS4zNzUtMS44NzUtLjY3NS0yLjc3NWwyLjMtMi4zYTE5LjEyMiAxOS4xMjIgMCAwIDEgMS4yIDMuODVjLjI2NyAxLjMzMy40IDIuNzE3LjQgNC4xNSAwIDIuODMzLS41MTcgNS40NjctMS41NSA3LjktMS4wMzMgMi40MzMtMi40NSA0LjU1LTQuMjUgNi4zNS0xLjggMS44LTMuOTE3IDMuMjA4LTYuMzUgNC4yMjVDMjkuNDE3IDQzLjQ5MiAyNi44IDQ0IDI0IDQ0Wm0tMi45NS0xMC45LTguMjUtOC4zIDIuMjUtMi4yNSA2IDYgMjAuNy0yMC43IDIuMyAyLjI1LTIzIDIzWiIvPjwvZz48L3N2Zz4=\" alt=\"\" style=\"object-fit:cover;width:32px;height:32px\"\/><\/figure>\n\n\n\n<div class=\"wp-block-group wp-container-content-958eb9dc has-global-padding is-layout-constrained wp-block-group-is-layout-constrained\">\n<h3 class=\"wp-block-heading\" style=\"font-size:clamp(14px, 0.875rem + ((1vw - 3.2px) * 0.588), 20px);line-height:1.5\">Gef\u00fchrte Paddeltouren in Stockholm<\/h3>\n\n\n\n<p class=\"has-small-font-size\" style=\"margin-top:4px\">Bring dein Unternehmen mit und buche noch heute eine Paddeltour in Stockholm! Wir liefern fertige Konzepte, die perfekt als Afterwork oder Kick-off-Aktivit\u00e4t passen. <\/p>\n\n\n\n<p><a href=\"https:\/\/lekmer.nu\/foretagspaddling\/\" data-type=\"page\" data-id=\"387\">Mehr \u00fcber unsere Firmenpakete<\/a><\/p>\n<\/div>\n<\/div>\n\n\n\n<div class=\"wp-block-group is-nowrap is-layout-flex wp-container-core-group-is-layout-501511a6 wp-block-group-is-layout-flex\">\n<figure class=\"wp-block-image size-large is-resized ext-aspect-landscape wp-duotone-varpresetduotoneprimary-foreground-4\"><img decoding=\"async\" src=\"data:image\/svg+xml;base64,PHN2ZyB4bWxucz0iaHR0cDovL3d3dy53My5vcmcvMjAwMC9zdmciIHdpZHRoPSI0OCIgaGVpZ2h0PSI0OCIgZmlsbD0ibm9uZSIgdmlld0JveD0iMCAwIDQ4IDQ4Ij48bWFzayBpZD0iYSIgd2lkdGg9IjQ4IiBoZWlnaHQ9IjQ4IiB4PSIwIiB5PSIwIiBtYXNrVW5pdHM9InVzZXJTcGFjZU9uVXNlIiBzdHlsZT0ibWFzay10eXBlOmFscGhhIj48cGF0aCBmaWxsPSIjRDlEOUQ5IiBkPSJNMCAwaDQ4djQ4SDB6Ii8+PC9tYXNrPjxnIG1hc2s9InVybCgjYSkiPjxwYXRoIGZpbGw9IiMxQzFCMUYiIGQ9Ik0yNCA0NGMtMi44MzMgMC01LjQ2Ny0uNTA4LTcuOS0xLjUyNS0yLjQzMy0xLjAxNy00LjU1LTIuNDI1LTYuMzUtNC4yMjUtMS44LTEuOC0zLjIwOC0zLjkxNy00LjIyNS02LjM1QzQuNTA4IDI5LjQ2NyA0IDI2LjgzMyA0IDI0YzAtMi44LjUwOC01LjQxNyAxLjUyNS03Ljg1UzcuOTUgMTEuNiA5Ljc1IDkuOGMxLjgtMS44IDMuOTE3LTMuMjE3IDYuMzUtNC4yNVMyMS4xNjcgNCAyNCA0YzIuNSAwIDQuODMzLjQgNyAxLjIgMi4xNjcuOCA0LjExNyAxLjkgNS44NSAzLjNsLTIuMTUgMi4xNWExNi43MzIgMTYuNzMyIDAgMCAwLTQuOS0yLjdDMjggNy4zMTcgMjYuMDY3IDcgMjQgN2MtNC44MzMgMC04Ljg3NSAxLjYyNS0xMi4xMjUgNC44NzVTNyAxOS4xNjcgNyAyNHMxLjYyNSA4Ljg3NSA0Ljg3NSAxMi4xMjVTMTkuMTY3IDQxIDI0IDQxczguODc1LTEuNjI1IDEyLjEyNS00Ljg3NVM0MSAyOC44MzMgNDEgMjRjMC0xLS4wNzUtMS45NzUtLjIyNS0yLjkyNS0uMTUtLjk1LS4zNzUtMS44NzUtLjY3NS0yLjc3NWwyLjMtMi4zYTE5LjEyMiAxOS4xMjIgMCAwIDEgMS4yIDMuODVjLjI2NyAxLjMzMy40IDIuNzE3LjQgNC4xNSAwIDIuODMzLS41MTcgNS40NjctMS41NSA3LjktMS4wMzMgMi40MzMtMi40NSA0LjU1LTQuMjUgNi4zNS0xLjggMS44LTMuOTE3IDMuMjA4LTYuMzUgNC4yMjVDMjkuNDE3IDQzLjQ5MiAyNi44IDQ0IDI0IDQ0Wm0tMi45NS0xMC45LTguMjUtOC4zIDIuMjUtMi4yNSA2IDYgMjAuNy0yMC43IDIuMyAyLjI1LTIzIDIzWiIvPjwvZz48L3N2Zz4=\" alt=\"\" style=\"object-fit:cover;width:32px;height:32px\"\/><\/figure>\n\n\n\n<div class=\"wp-block-group wp-container-content-958eb9dc has-global-padding is-layout-constrained wp-block-group-is-layout-constrained\">\n<h3 class=\"wp-block-heading\" style=\"font-size:clamp(14px, 0.875rem + ((1vw - 3.2px) * 0.588), 20px);line-height:1.5\">Kurse der Extraklasse<\/h3>\n\n\n\n<p class=\"has-small-font-size\" style=\"margin-top:4px\">Mit unserer Erfahrung in der Ausbildung und autorisierten Instruktoren k\u00f6nnen wir stolz einige der besten Paddelkurse Stockholms anbieten. <\/p>\n\n\n\n<p><a href=\"https:\/\/lekmer.nu\/kurser\/\" data-type=\"page\" data-id=\"20\">Mehr \u00fcber unsere Kurse<\/a><\/p>\n<\/div>\n<\/div>\n\n\n\n<div class=\"wp-block-group is-nowrap is-layout-flex wp-container-core-group-is-layout-501511a6 wp-block-group-is-layout-flex\">\n<figure class=\"wp-block-image size-large is-resized ext-aspect-landscape wp-duotone-varpresetduotoneprimary-foreground-5\"><img decoding=\"async\" src=\"data:image\/svg+xml;base64,PHN2ZyB4bWxucz0iaHR0cDovL3d3dy53My5vcmcvMjAwMC9zdmciIHdpZHRoPSI0OCIgaGVpZ2h0PSI0OCIgZmlsbD0ibm9uZSIgdmlld0JveD0iMCAwIDQ4IDQ4Ij48bWFzayBpZD0iYSIgd2lkdGg9IjQ4IiBoZWlnaHQ9IjQ4IiB4PSIwIiB5PSIwIiBtYXNrVW5pdHM9InVzZXJTcGFjZU9uVXNlIiBzdHlsZT0ibWFzay10eXBlOmFscGhhIj48cGF0aCBmaWxsPSIjRDlEOUQ5IiBkPSJNMCAwaDQ4djQ4SDB6Ii8+PC9tYXNrPjxnIG1hc2s9InVybCgjYSkiPjxwYXRoIGZpbGw9IiMxQzFCMUYiIGQ9Ik0yNCA0NGMtMi44MzMgMC01LjQ2Ny0uNTA4LTcuOS0xLjUyNS0yLjQzMy0xLjAxNy00LjU1LTIuNDI1LTYuMzUtNC4yMjUtMS44LTEuOC0zLjIwOC0zLjkxNy00LjIyNS02LjM1QzQuNTA4IDI5LjQ2NyA0IDI2LjgzMyA0IDI0YzAtMi44LjUwOC01LjQxNyAxLjUyNS03Ljg1UzcuOTUgMTEuNiA5Ljc1IDkuOGMxLjgtMS44IDMuOTE3LTMuMjE3IDYuMzUtNC4yNVMyMS4xNjcgNCAyNCA0YzIuNSAwIDQuODMzLjQgNyAxLjIgMi4xNjcuOCA0LjExNyAxLjkgNS44NSAzLjNsLTIuMTUgMi4xNWExNi43MzIgMTYuNzMyIDAgMCAwLTQuOS0yLjdDMjggNy4zMTcgMjYuMDY3IDcgMjQgN2MtNC44MzMgMC04Ljg3NSAxLjYyNS0xMi4xMjUgNC44NzVTNyAxOS4xNjcgNyAyNHMxLjYyNSA4Ljg3NSA0Ljg3NSAxMi4xMjVTMTkuMTY3IDQxIDI0IDQxczguODc1LTEuNjI1IDEyLjEyNS00Ljg3NVM0MSAyOC44MzMgNDEgMjRjMC0xLS4wNzUtMS45NzUtLjIyNS0yLjkyNS0uMTUtLjk1LS4zNzUtMS44NzUtLjY3NS0yLjc3NWwyLjMtMi4zYTE5LjEyMiAxOS4xMjIgMCAwIDEgMS4yIDMuODVjLjI2NyAxLjMzMy40IDIuNzE3LjQgNC4xNSAwIDIuODMzLS41MTcgNS40NjctMS41NSA3LjktMS4wMzMgMi40MzMtMi40NSA0LjU1LTQuMjUgNi4zNS0xLjggMS44LTMuOTE3IDMuMjA4LTYuMzUgNC4yMjVDMjkuNDE3IDQzLjQ5MiAyNi44IDQ0IDI0IDQ0Wm0tMi45NS0xMC45LTguMjUtOC4zIDIuMjUtMi4yNSA2IDYgMjAuNy0yMC43IDIuMyAyLjI1LTIzIDIzWiIvPjwvZz48L3N2Zz4=\" alt=\"\" style=\"object-fit:cover;width:32px;height:32px\"\/><\/figure>\n\n\n\n<div class=\"wp-block-group wp-container-content-958eb9dc has-global-padding is-layout-constrained wp-block-group-is-layout-constrained\">\n<h3 class=\"wp-block-heading\" style=\"font-size:clamp(14px, 0.875rem + ((1vw - 3.2px) * 0.588), 20px);line-height:1.5\">Expertise und Leidenschaft f\u00fcrs Paddeln<\/h3>\n\n\n\n<p class=\"has-small-font-size\" style=\"margin-top:4px\">Mit bald 15 Jahren Erfahrung im Unterrichten und Arbeiten rund ums Paddeln k\u00f6nnen wir garantieren, dass wir alles tun, um dir das bestm\u00f6gliche Erlebnis auf dem Wasser zu bieten.<\/p>\n\n\n\n<p><a href=\"https:\/\/lekmer.nu\/de\/ueber\/\" data-type=\"page\" data-id=\"18\">\u00dcber uns<\/a><\/p>\n<\/div>\n<\/div>\n<\/div>\n\n\n\n<div class=\"wp-block-column is-layout-flow wp-block-column-is-layout-flow\" style=\"flex-basis:50%\">\n<div class=\"wp-block-cover is-light\" style=\"min-height:100%;aspect-ratio:unset;\"><span aria-hidden=\"true\" class=\"wp-block-cover__background has-background-dim-0 has-background-dim\" style=\"background-color:#7c92a2\"><\/span><img loading=\"lazy\" decoding=\"async\" width=\"982\" height=\"1440\" class=\"wp-block-cover__image-background wp-image-639\" alt=\"personer som paddlar kajak p\u00e5 riddarfj\u00e4rden i Stockholm\" src=\"https:\/\/lekmer.nu\/wp-content\/uploads\/2024\/10\/Kajak-9762-1.jpg\" style=\"object-position:50% 55%\" data-object-fit=\"cover\" data-object-position=\"50% 55%\" srcset=\"https:\/\/lekmer.nu\/wp-content\/uploads\/2024\/10\/Kajak-9762-1.jpg 982w, https:\/\/lekmer.nu\/wp-content\/uploads\/2024\/10\/Kajak-9762-1-205x300.jpg 205w, https:\/\/lekmer.nu\/wp-content\/uploads\/2024\/10\/Kajak-9762-1-698x1024.jpg 698w, https:\/\/lekmer.nu\/wp-content\/uploads\/2024\/10\/Kajak-9762-1-102x150.jpg 102w, https:\/\/lekmer.nu\/wp-content\/uploads\/2024\/10\/Kajak-9762-1-768x1126.jpg 768w\" sizes=\"auto, (max-width: 982px) 100vw, 982px\" \/><div class=\"wp-block-cover__inner-container is-layout-flow wp-block-cover-is-layout-flow\">\n<div style=\"height:380px\" aria-hidden=\"true\" class=\"wp-block-spacer\"><\/div>\n<\/div><\/div>\n<\/div>\n<\/div>\n<\/div>\n","protected":false},"excerpt":{"rendered":"<p>Willkommen in der Wissensdatenbank von LEK MER \u2013 deinem Leitfaden f\u00fcr sicheres und unterhaltsames Paddeln! Hier findest du alles von Anf\u00e4ngertipps bis hin zu fortgeschrittenen Techniken, mit Fokus auf Sicherheit und Nachhaltigkeit. Lernvideos Willkommen in unserer Videobibliothek, hier sammeln wir inspirierende und lehrreiche Videos f\u00fcr Paddler aller Niveaus. Hier findest du detaillierte Anleitungsvideos, die dir [&hellip;]<\/p>\n","protected":false},"author":1,"featured_media":0,"parent":0,"menu_order":0,"comment_status":"closed","ping_status":"closed","template":"","meta":{"footnotes":""},"class_list":["post-2077","page","type-page","status-publish","hentry"],"_links":{"self":[{"href":"https:\/\/lekmer.nu\/de\/wp-json\/wp\/v2\/pages\/2077","targetHints":{"allow":["GET"]}}],"collection":[{"href":"https:\/\/lekmer.nu\/de\/wp-json\/wp\/v2\/pages"}],"about":[{"href":"https:\/\/lekmer.nu\/de\/wp-json\/wp\/v2\/types\/page"}],"author":[{"embeddable":true,"href":"https:\/\/lekmer.nu\/de\/wp-json\/wp\/v2\/users\/1"}],"replies":[{"embeddable":true,"href":"https:\/\/lekmer.nu\/de\/wp-json\/wp\/v2\/comments?post=2077"}],"version-history":[{"count":2,"href":"https:\/\/lekmer.nu\/de\/wp-json\/wp\/v2\/pages\/2077\/revisions"}],"predecessor-version":[{"id":2122,"href":"https:\/\/lekmer.nu\/de\/wp-json\/wp\/v2\/pages\/2077\/revisions\/2122"}],"wp:attachment":[{"href":"https:\/\/lekmer.nu\/de\/wp-json\/wp\/v2\/media?parent=2077"}],"curies":[{"name":"wp","href":"https:\/\/api.w.org\/{rel}","templated":true}]}}